{"id":941729,"date":"2019-04-02T17:50:35","date_gmt":"2019-04-02T15:50:35","guid":{"rendered":"https:\/\/www.idecsport.com\/raphael-beaugillet\/"},"modified":"2021-03-20T09:41:37","modified_gmt":"2021-03-20T08:41:37","slug":"raphael-beaugillet","status":"publish","type":"page","link":"https:\/\/www.idecsport.com\/en\/raphael-beaugillet\/","title":{"rendered":"Rapha\u00ebl Beaugillet"},"content":{"rendered":"<div class=\"wpb-content-wrapper\">[vc_section full_width=&#8221;stretch_row&#8221; content_placement=&#8221;bottom&#8221; parallax=&#8221;content-moving&#8221; parallax_image=&#8221;936786&#8243; el_class=&#8221;headpageidsp&#8221;][vc_row full_width=&#8221;stretch_row&#8221; content_placement=&#8221;bottom&#8221; el_class=&#8221;headpageidsp-overlay&#8221; css=&#8221;.vc_custom_1554277511781{padding-top: 20% !important;padding-bottom: 2% !important;}&#8221;][vc_column][vc_column_text css=&#8221;.vc_custom_1616059268099{margin-bottom: 20px !important;}&#8221;]\n<h1>Rapha\u00ebl Beaugillet<\/h1>\n[\/vc_column_text][vc_separator color=&#8221;white&#8221; align=&#8221;align_left&#8221; el_width=&#8221;10&#8243;][\/vc_column][\/vc_row][\/vc_section][vc_row gap=&#8221;30&#8243; css=&#8221;.vc_custom_1555234797290{padding-top: 5% !important;}&#8221;][vc_column width=&#8221;1\/3&#8243;][vc_column_text]\n<h2>IDEC SPORT partner of Rapha\u00ebl Beaugillet, the parasports cyclist<\/h2>\n[\/vc_column_text]<div style=\"visibility: hidden;\" id=\"carousel-anything-1\" class=\"gambit-carousel-anything carousel-anything-container owl-ca-carousel  ca-equal-height\" data-slide-anim=\"\" data-rtl=\"false\" data-items=\"1\"data-totalitems=\"4\" data-scroll_per_page=\"\" data-autoplay=\"5000\"data-items-tablet=\"1\" data-items-mobile=\"1\" data-stop-on-hover=\"true\" data-speed-scroll=\"800\" data-speed-rewind=\"1000\"data-thumbnails=\"thumbnail\" data-navigation=\"true\" data-touchdrag=\"false\" data-keyboard=\"cursor\" data-alignment=\"50\"data-start=\"0\">[vc_row_inner][vc_column_inner css=&#8221;.vc_custom_1555160656685{padding-right: 0px !important;padding-left: 0px !important;}&#8221;][vc_single_image image=&#8221;936832&#8243; img_size=&#8221;full&#8221; alignment=&#8221;center&#8221;][\/vc_column_inner][\/vc_row_inner][vc_row_inner][vc_column_inner css=&#8221;.vc_custom_1555160635703{padding-right: 0px !important;padding-left: 0px !important;}&#8221;][vc_single_image image=&#8221;936841&#8243; img_size=&#8221;full&#8221; alignment=&#8221;center&#8221;][\/vc_column_inner][\/vc_row_inner][vc_row_inner][vc_column_inner css=&#8221;.vc_custom_1555160665508{padding-right: 0px !important;padding-left: 0px !important;}&#8221;][vc_single_image image=&#8221;936851&#8243; img_size=&#8221;full&#8221; alignment=&#8221;center&#8221;][\/vc_column_inner][\/vc_row_inner][vc_row_inner][vc_column_inner css=&#8221;.vc_custom_1555160665508{padding-right: 0px !important;padding-left: 0px !important;}&#8221;][vc_single_image image=&#8221;936822&#8243; img_size=&#8221;full&#8221; alignment=&#8221;center&#8221;][\/vc_column_inner][\/vc_row_inner]<\/div>[vc_column_text]\n<p style=\"text-align: center;\"><em>Cr\u00e9dits photos \u00a9 Ange Rouzaud<\/em><\/p>\n[\/vc_column_text][\/vc_column][vc_column width=&#8221;2\/3&#8243;][vc_column_text]\n<p style=\"text-align: justify;\"><strong>IDEC SPORT embarks on a new adventure: cycling. But this is no ordinary story, because IDEC SPORT is backing the visually impaired cyclist Rapha\u00ebl Beaugillet.<\/strong><br \/>\n<strong>After Marie-Am\u00e9lie Le Fur, IDEC SPORT signed another partnership in December 2020 with a parasports athlete, the cyclist Rapha\u00ebl Beaugillet. He rides in tandem with Fran\u00e7ois Pervis, and the pair are aiming for a medal at the Tokyo Olympic Games this summer.<\/strong><\/p>\n<p style=\"text-align: justify;\"><strong>Late onset blindness<\/strong><br \/>\nRapha\u00ebl Beaugillet wasn\u2019t born with his disability. It was when he was 20 years old that his sight started to fail him owing to a degenerative genetic disease when he was launching a career in the construction sector. Rapha\u00ebl has not lost his sight completely but it is now blurred. He lives in a permanent fog, as he puts it himself. Because of his visual impairment, his whole life was disrupted and his activities came to a sudden halt.<\/p>\n<p style=\"text-align: justify;\"><strong>Pedalling to take things forwards<\/strong><br \/>\nIt took four years of adaptation to enable Rapha\u00ebl Beaugillet to make his transition and accept his disability. Of a sporting disposition, Rapha\u00ebl has built his life around cycling. To begin with, it wasn\u2019t his number one goal, but aged 25 he decided to put all he had into this new passion. After having divided his time between mountain biking and road cycling, he decided in 2018 to specialise in track cycling.<\/p>\n<p style=\"text-align: justify;\"><strong>Fully focussed on the Olympics.<\/strong><br \/>\nAfter his beginnings on the track, Rapha\u00ebl Beaugillet soon joined the France parasports team. At the end of 2019, the Federation paired him with the highly experienced Fran\u00e7ois Pervis, seven-times track racing world champion. The tandem functions well between the parasports athlete and his \u2018pilot\u2019. For them, the cancellation of the games in 2020 wasn\u2019t a disaster, as this allowed them to get to know each other better, and it\u2019s true that you have to be properly attuned to make a success of tandem track racing. The pair is now about to tackle the \u201ckilometre\u201d distance at the Olympic Games. After a standing start, you have to do four laps of the velodrome as fast as possible.<\/p>\n<p style=\"text-align: justify;\"><strong>The tandem has qualified for the Games<\/strong><br \/>\nThe Beaugillet\/Pervis pair has just won three categories at the France 2021 championships, on 13 and 14 February, in Saint-Quentin-en-Yvelines: pursuit, 200m and kilometre. The first two disciplines are not proposed for the Olympics, but the two cyclists have just completed the kilometre race in 1min 1sec and 2 hundredths, that\u2019s to say half a second faster than required to qualify for the Tokyo games. Rapha\u00ebl Beaugillet is currently training every day and doing monthly sessions with just one goal in mind: to excel for one minute on the great day and win an Olympic medal.<\/p>\n[\/vc_column_text][vc_column_text css=&#8221;.vc_custom_1616229639381{padding-top: 20px !important;padding-right: 20px !important;padding-bottom: 20px !important;padding-left: 20px !important;background-color: #ededed !important;border-radius: 10px !important;}&#8221;]<em>\u00ab I\u2019m delighted to be joining IDEC SPORT and to represent the Group\u2019s values. I\u2019m extremely proud to be defending its colours at the side of Marie Am\u00e9lie Le Fur and we will do all we can to represent IDEC SPORT as well as possible at the Tokyo Paralympics and go and get the most beautiful of medals, \u00bb exclaims <strong>Rapha\u00ebl Beaugillet<\/strong><\/em>[\/vc_column_text][\/vc_column][\/vc_row]\n<\/div>","protected":false},"excerpt":{"rendered":"<p>[vc_section full_width=&#8221;stretch_row&#8221; content_placement=&#8221;bottom&#8221; parallax=&#8221;content-moving&#8221; parallax_image=&#8221;936786&#8243; el_class=&#8221;headpageidsp&#8221;][vc_row full_width=&#8221;stretch_row&#8221; content_placement=&#8221;bottom&#8221; el_class=&#8221;headpageidsp-overlay&#8221; css=&#8221;.vc_custom_1554277511781{padding-top: 20% !important;padding-bottom: 2% !important;}&#8221;][vc_column][vc_column_text css=&#8221;.vc_custom_1616059268099{margin-bottom: 20px !important;}&#8221;] Rapha\u00ebl Beaugillet [\/vc_column_text][vc_separator color=&#8221;white&#8221; align=&#8221;align_left&#8221; el_width=&#8221;10&#8243;][\/vc_column][\/vc_row][\/vc_section][vc_row gap=&#8221;30&#8243; css=&#8221;.vc_custom_1555234797290{padding-top: 5% !important;}&#8221;][vc_column width=&#8221;1\/3&#8243;][vc_column_text] IDEC SPORT partner of Rapha\u00ebl Beaugillet, the parasports cyclist [\/vc_column_text][vc_column_text] Cr\u00e9dits photos \u00a9 Ange Rouzaud [\/vc_column_text][\/vc_column][vc_column width=&#8221;2\/3&#8243;][vc_column_text] IDEC SPORT embarks on a new adventure: cycling. But this &hellip;<\/p>\n","protected":false},"author":1,"featured_media":0,"parent":0,"menu_order":0,"comment_status":"closed","ping_status":"closed","template":"","meta":{"footnotes":""},"class_list":["post-941729","page","type-page","status-publish","hentry"],"yoast_head":"<!-- This site is optimized with the Yoast SEO plugin v27.1.1 - https:\/\/yoast.com\/product\/yoast-seo-wordpress\/ -->\n<title>Rapha\u00ebl Beaugillet - IDEC SPORT<\/title>\n<meta name=\"robots\" content=\"index, follow, max-snippet:-1, max-image-preview:large, max-video-preview:-1\" \/>\n<link rel=\"canonical\" href=\"https:\/\/www.idecsport.com\/en\/raphael-beaugillet\/\" \/>\n<meta property=\"og:locale\" content=\"en_US\" \/>\n<meta property=\"og:type\" content=\"article\" \/>\n<meta property=\"og:title\" content=\"Rapha\u00ebl Beaugillet - IDEC SPORT\" \/>\n<meta property=\"og:description\" content=\"[vc_section full_width=&#8221;stretch_row&#8221; content_placement=&#8221;bottom&#8221; parallax=&#8221;content-moving&#8221; parallax_image=&#8221;936786&#8243; el_class=&#8221;headpageidsp&#8221;][vc_row full_width=&#8221;stretch_row&#8221; content_placement=&#8221;bottom&#8221; el_class=&#8221;headpageidsp-overlay&#8221; css=&#8221;.vc_custom_1554277511781{padding-top: 20% !important;padding-bottom: 2% !important;}&#8221;][vc_column][vc_column_text css=&#8221;.vc_custom_1616059268099{margin-bottom: 20px !important;}&#8221;] Rapha\u00ebl Beaugillet [\/vc_column_text][vc_separator color=&#8221;white&#8221; align=&#8221;align_left&#8221; el_width=&#8221;10&#8243;][\/vc_column][\/vc_row][\/vc_section][vc_row gap=&#8221;30&#8243; css=&#8221;.vc_custom_1555234797290{padding-top: 5% !important;}&#8221;][vc_column width=&#8221;1\/3&#8243;][vc_column_text] IDEC SPORT partner of Rapha\u00ebl Beaugillet, the parasports cyclist [\/vc_column_text][vc_column_text] Cr\u00e9dits photos \u00a9 Ange Rouzaud [\/vc_column_text][\/vc_column][vc_column width=&#8221;2\/3&#8243;][vc_column_text] IDEC SPORT embarks on a new adventure: cycling. But this &hellip;\" \/>\n<meta property=\"og:url\" content=\"https:\/\/www.idecsport.com\/en\/raphael-beaugillet\/\" \/>\n<meta property=\"og:site_name\" content=\"IDEC SPORT\" \/>\n<meta property=\"article:publisher\" content=\"https:\/\/www.facebook.com\/IDECSPORT\/\" \/>\n<meta property=\"article:modified_time\" content=\"2021-03-20T08:41:37+00:00\" \/>\n<meta name=\"twitter:card\" content=\"summary_large_image\" \/>\n<meta name=\"twitter:site\" content=\"@IdecSport\" \/>\n<meta name=\"twitter:label1\" content=\"Est. reading time\" \/>\n\t<meta name=\"twitter:data1\" content=\"4 minutes\" \/>\n<script type=\"application\/ld+json\" class=\"yoast-schema-graph\">{\"@context\":\"https:\/\/schema.org\",\"@graph\":[{\"@type\":\"WebPage\",\"@id\":\"https:\/\/www.idecsport.com\/en\/raphael-beaugillet\/\",\"url\":\"https:\/\/www.idecsport.com\/en\/raphael-beaugillet\/\",\"name\":\"Rapha\u00ebl Beaugillet - IDEC SPORT\",\"isPartOf\":{\"@id\":\"https:\/\/www.idecsport.com\/en\/#website\"},\"datePublished\":\"2019-04-02T15:50:35+00:00\",\"dateModified\":\"2021-03-20T08:41:37+00:00\",\"breadcrumb\":{\"@id\":\"https:\/\/www.idecsport.com\/en\/raphael-beaugillet\/#breadcrumb\"},\"inLanguage\":\"en-US\",\"potentialAction\":[{\"@type\":\"ReadAction\",\"target\":[\"https:\/\/www.idecsport.com\/en\/raphael-beaugillet\/\"]}]},{\"@type\":\"BreadcrumbList\",\"@id\":\"https:\/\/www.idecsport.com\/en\/raphael-beaugillet\/#breadcrumb\",\"itemListElement\":[{\"@type\":\"ListItem\",\"position\":1,\"name\":\"Accueil\",\"item\":\"https:\/\/www.idecsport.com\/en\/\"},{\"@type\":\"ListItem\",\"position\":2,\"name\":\"Rapha\u00ebl Beaugillet\"}]},{\"@type\":\"WebSite\",\"@id\":\"https:\/\/www.idecsport.com\/en\/#website\",\"url\":\"https:\/\/www.idecsport.com\/en\/\",\"name\":\"IDEC SPORT\",\"description\":\"Branche sportive du GROUPE IDEC, IDEC SPORT rassemble tous les partenariats sportifs sous une seule et m\u00eame banni\u00e8re. La voile avec Francis Joyon, le sport auto, le basket, le Football, le Rugby et l&#039;Handisport\",\"publisher\":{\"@id\":\"https:\/\/www.idecsport.com\/en\/#organization\"},\"potentialAction\":[{\"@type\":\"SearchAction\",\"target\":{\"@type\":\"EntryPoint\",\"urlTemplate\":\"https:\/\/www.idecsport.com\/en\/?s={search_term_string}\"},\"query-input\":{\"@type\":\"PropertyValueSpecification\",\"valueRequired\":true,\"valueName\":\"search_term_string\"}}],\"inLanguage\":\"en-US\"},{\"@type\":\"Organization\",\"@id\":\"https:\/\/www.idecsport.com\/en\/#organization\",\"name\":\"IDEC SPORT\",\"url\":\"https:\/\/www.idecsport.com\/en\/\",\"logo\":{\"@type\":\"ImageObject\",\"inLanguage\":\"en-US\",\"@id\":\"https:\/\/www.idecsport.com\/en\/#\/schema\/logo\/image\/\",\"url\":\"https:\/\/www.idecsport.com\/wp-content\/uploads\/2022\/02\/Logo-IDEC-SPORT_carre_512_02-2022.jpg\",\"contentUrl\":\"https:\/\/www.idecsport.com\/wp-content\/uploads\/2022\/02\/Logo-IDEC-SPORT_carre_512_02-2022.jpg\",\"width\":512,\"height\":512,\"caption\":\"IDEC SPORT\"},\"image\":{\"@id\":\"https:\/\/www.idecsport.com\/en\/#\/schema\/logo\/image\/\"},\"sameAs\":[\"https:\/\/www.facebook.com\/IDECSPORT\/\",\"https:\/\/x.com\/IdecSport\",\"https:\/\/www.linkedin.com\/company\/idecsport-racing\/\",\"https:\/\/www.youtube.com\/channel\/UCjGcu2H6w63f2_MirkRlRXw\"]}]}<\/script>\n<!-- \/ Yoast SEO plugin. -->","yoast_head_json":{"title":"Rapha\u00ebl Beaugillet - IDEC SPORT","robots":{"index":"index","follow":"follow","max-snippet":"max-snippet:-1","max-image-preview":"max-image-preview:large","max-video-preview":"max-video-preview:-1"},"canonical":"https:\/\/www.idecsport.com\/en\/raphael-beaugillet\/","og_locale":"en_US","og_type":"article","og_title":"Rapha\u00ebl Beaugillet - IDEC SPORT","og_description":"[vc_section full_width=&#8221;stretch_row&#8221; content_placement=&#8221;bottom&#8221; parallax=&#8221;content-moving&#8221; parallax_image=&#8221;936786&#8243; el_class=&#8221;headpageidsp&#8221;][vc_row full_width=&#8221;stretch_row&#8221; content_placement=&#8221;bottom&#8221; el_class=&#8221;headpageidsp-overlay&#8221; css=&#8221;.vc_custom_1554277511781{padding-top: 20% !important;padding-bottom: 2% !important;}&#8221;][vc_column][vc_column_text css=&#8221;.vc_custom_1616059268099{margin-bottom: 20px !important;}&#8221;] Rapha\u00ebl Beaugillet [\/vc_column_text][vc_separator color=&#8221;white&#8221; align=&#8221;align_left&#8221; el_width=&#8221;10&#8243;][\/vc_column][\/vc_row][\/vc_section][vc_row gap=&#8221;30&#8243; css=&#8221;.vc_custom_1555234797290{padding-top: 5% !important;}&#8221;][vc_column width=&#8221;1\/3&#8243;][vc_column_text] IDEC SPORT partner of Rapha\u00ebl Beaugillet, the parasports cyclist [\/vc_column_text][vc_column_text] Cr\u00e9dits photos \u00a9 Ange Rouzaud [\/vc_column_text][\/vc_column][vc_column width=&#8221;2\/3&#8243;][vc_column_text] IDEC SPORT embarks on a new adventure: cycling. But this &hellip;","og_url":"https:\/\/www.idecsport.com\/en\/raphael-beaugillet\/","og_site_name":"IDEC SPORT","article_publisher":"https:\/\/www.facebook.com\/IDECSPORT\/","article_modified_time":"2021-03-20T08:41:37+00:00","twitter_card":"summary_large_image","twitter_site":"@IdecSport","twitter_misc":{"Est. reading time":"4 minutes"},"schema":{"@context":"https:\/\/schema.org","@graph":[{"@type":"WebPage","@id":"https:\/\/www.idecsport.com\/en\/raphael-beaugillet\/","url":"https:\/\/www.idecsport.com\/en\/raphael-beaugillet\/","name":"Rapha\u00ebl Beaugillet - IDEC SPORT","isPartOf":{"@id":"https:\/\/www.idecsport.com\/en\/#website"},"datePublished":"2019-04-02T15:50:35+00:00","dateModified":"2021-03-20T08:41:37+00:00","breadcrumb":{"@id":"https:\/\/www.idecsport.com\/en\/raphael-beaugillet\/#breadcrumb"},"inLanguage":"en-US","potentialAction":[{"@type":"ReadAction","target":["https:\/\/www.idecsport.com\/en\/raphael-beaugillet\/"]}]},{"@type":"BreadcrumbList","@id":"https:\/\/www.idecsport.com\/en\/raphael-beaugillet\/#breadcrumb","itemListElement":[{"@type":"ListItem","position":1,"name":"Accueil","item":"https:\/\/www.idecsport.com\/en\/"},{"@type":"ListItem","position":2,"name":"Rapha\u00ebl Beaugillet"}]},{"@type":"WebSite","@id":"https:\/\/www.idecsport.com\/en\/#website","url":"https:\/\/www.idecsport.com\/en\/","name":"IDEC SPORT","description":"Branche sportive du GROUPE IDEC, IDEC SPORT rassemble tous les partenariats sportifs sous une seule et m\u00eame banni\u00e8re. La voile avec Francis Joyon, le sport auto, le basket, le Football, le Rugby et l&#039;Handisport","publisher":{"@id":"https:\/\/www.idecsport.com\/en\/#organization"},"potentialAction":[{"@type":"SearchAction","target":{"@type":"EntryPoint","urlTemplate":"https:\/\/www.idecsport.com\/en\/?s={search_term_string}"},"query-input":{"@type":"PropertyValueSpecification","valueRequired":true,"valueName":"search_term_string"}}],"inLanguage":"en-US"},{"@type":"Organization","@id":"https:\/\/www.idecsport.com\/en\/#organization","name":"IDEC SPORT","url":"https:\/\/www.idecsport.com\/en\/","logo":{"@type":"ImageObject","inLanguage":"en-US","@id":"https:\/\/www.idecsport.com\/en\/#\/schema\/logo\/image\/","url":"https:\/\/www.idecsport.com\/wp-content\/uploads\/2022\/02\/Logo-IDEC-SPORT_carre_512_02-2022.jpg","contentUrl":"https:\/\/www.idecsport.com\/wp-content\/uploads\/2022\/02\/Logo-IDEC-SPORT_carre_512_02-2022.jpg","width":512,"height":512,"caption":"IDEC SPORT"},"image":{"@id":"https:\/\/www.idecsport.com\/en\/#\/schema\/logo\/image\/"},"sameAs":["https:\/\/www.facebook.com\/IDECSPORT\/","https:\/\/x.com\/IdecSport","https:\/\/www.linkedin.com\/company\/idecsport-racing\/","https:\/\/www.youtube.com\/channel\/UCjGcu2H6w63f2_MirkRlRXw"]}]}},"_links":{"self":[{"href":"https:\/\/www.idecsport.com\/en\/wp-json\/wp\/v2\/pages\/941729","targetHints":{"allow":["GET"]}}],"collection":[{"href":"https:\/\/www.idecsport.com\/en\/wp-json\/wp\/v2\/pages"}],"about":[{"href":"https:\/\/www.idecsport.com\/en\/wp-json\/wp\/v2\/types\/page"}],"author":[{"embeddable":true,"href":"https:\/\/www.idecsport.com\/en\/wp-json\/wp\/v2\/users\/1"}],"replies":[{"embeddable":true,"href":"https:\/\/www.idecsport.com\/en\/wp-json\/wp\/v2\/comments?post=941729"}],"version-history":[{"count":3,"href":"https:\/\/www.idecsport.com\/en\/wp-json\/wp\/v2\/pages\/941729\/revisions"}],"predecessor-version":[{"id":941762,"href":"https:\/\/www.idecsport.com\/en\/wp-json\/wp\/v2\/pages\/941729\/revisions\/941762"}],"wp:attachment":[{"href":"https:\/\/www.idecsport.com\/en\/wp-json\/wp\/v2\/media?parent=941729"}],"curies":[{"name":"wp","href":"https:\/\/api.w.org\/{rel}","templated":true}]}}