{"id":4786319,"date":"2019-04-02T17:50:35","date_gmt":"2019-04-02T15:50:35","guid":{"rendered":"https:\/\/www.idecsport.com\/?page_id=4786319"},"modified":"2023-07-13T14:27:25","modified_gmt":"2023-07-13T12:27:25","slug":"axelle-berthoumieu-en","status":"publish","type":"page","link":"https:\/\/www.idecsport.com\/en\/axelle-berthoumieu-en\/","title":{"rendered":"Axelle BERTHOUMIEU &#8211; En"},"content":{"rendered":"<div class=\"wpb-content-wrapper\">[vc_section full_width=&#8221;stretch_row&#8221; content_placement=&#8221;bottom&#8221; parallax=&#8221;content-moving&#8221; parallax_image=&#8221;4786745&#8243; el_class=&#8221;headpageidsp&#8221;][vc_row full_width=&#8221;stretch_row&#8221; content_placement=&#8221;bottom&#8221; el_class=&#8221;headpageidsp-overlay&#8221; css=&#8221;.vc_custom_1554277511781{padding-top: 20% !important;padding-bottom: 2% !important;}&#8221;][vc_column][vc_column_text css=&#8221;.vc_custom_1689183289028{margin-bottom: 20px !important;}&#8221;]\n<h1>Axelle BERTHOUMIEU<\/h1>\n[\/vc_column_text][vc_separator color=&#8221;white&#8221; align=&#8221;align_left&#8221; el_width=&#8221;10&#8243;][\/vc_column][\/vc_row][\/vc_section][vc_row gap=&#8221;30&#8243; css=&#8221;.vc_custom_1555234797290{padding-top: 5% !important;}&#8221;][vc_column width=&#8221;1\/3&#8243;][vc_column_text]\n<h2>IDEC SPORT partner of rugby player Axelle BERTHOUMIEU<\/h2>\n[\/vc_column_text]<div style=\"visibility: hidden;\" id=\"carousel-anything-1\" class=\"gambit-carousel-anything carousel-anything-container owl-ca-carousel  ca-equal-height\" data-slide-anim=\"\" data-rtl=\"false\" data-items=\"1\"data-totalitems=\"3\" data-scroll_per_page=\"\" data-autoplay=\"5000\"data-items-tablet=\"1\" data-items-mobile=\"1\" data-stop-on-hover=\"true\" data-speed-scroll=\"800\" data-speed-rewind=\"1000\"data-thumbnails=\"thumbnail\" data-navigation=\"true\" data-touchdrag=\"false\" data-keyboard=\"cursor\" data-alignment=\"50\"data-start=\"0\">[vc_row_inner][vc_column_inner css=&#8221;.vc_custom_1555160656685{padding-right: 0px !important;padding-left: 0px !important;}&#8221;][vc_single_image image=&#8221;4786753&#8243; img_size=&#8221;full&#8221; alignment=&#8221;center&#8221;][\/vc_column_inner][\/vc_row_inner][vc_row_inner][vc_column_inner css=&#8221;.vc_custom_1555160635703{padding-right: 0px !important;padding-left: 0px !important;}&#8221;][vc_single_image image=&#8221;4786757&#8243; img_size=&#8221;full&#8221; alignment=&#8221;center&#8221;][\/vc_column_inner][\/vc_row_inner][vc_row_inner][vc_column_inner css=&#8221;.vc_custom_1555160665508{padding-right: 0px !important;padding-left: 0px !important;}&#8221;][vc_single_image image=&#8221;4786749&#8243; img_size=&#8221;full&#8221; alignment=&#8221;center&#8221;][\/vc_column_inner][\/vc_row_inner]<\/div>[\/vc_column][vc_column width=&#8221;2\/3&#8243;][vc_column_text]\n<p style=\"text-align: justify;\"><strong>IDEC SPORT is proud to be represented by Axelle BERTHOUMIEU, a rugby player.<\/strong><\/p>\n<p style=\"text-align: justify;\">Axelle Berthoumieu, born on 9 July 2000, is a French international rugby union player.<br \/>\nThe 23-year-old rugbywoman plays third row wing for Blagnac and the French national team.<br \/>\nShe has played in a number of matches in the Six Nations tournament, finishing second in 2020, 2022 and 2023. Then third place in 2019.<\/p>\n[\/vc_column_text][vc_column_text css=&#8221;.vc_custom_1689182295807{padding-top: 20px !important;padding-right: 20px !important;padding-bottom: 20px !important;padding-left: 20px !important;background-color: #ededed !important;border-radius: 10px !important;}&#8221;]<em>Axelle Berthoumieu, joue au rugby depuis ses 10 ans. Apr\u00e8s avoir jou\u00e9 dans l&#8217;Aveyron pendant 4 ans, elle rejoint l&#8217;\u00e9quipe de Castres pour quelques mois, pour finalement partir \u00e0 Blagnac. Equipe dans laquelle Axelle \u00e9volue actuellement..<\/em>[\/vc_column_text][\/vc_column][\/vc_row][vc_row full_width=&#8221;stretch_row_content_no_spaces&#8221;][vc_column css=&#8221;.vc_custom_1556710035316{padding-top: 0px !important;}&#8221;][vc_column_text][\/vc_column_text][\/vc_column][\/vc_row]\n<\/div>","protected":false},"excerpt":{"rendered":"<p>[vc_section full_width=&#8221;stretch_row&#8221; content_placement=&#8221;bottom&#8221; parallax=&#8221;content-moving&#8221; parallax_image=&#8221;4786745&#8243; el_class=&#8221;headpageidsp&#8221;][vc_row full_width=&#8221;stretch_row&#8221; content_placement=&#8221;bottom&#8221; el_class=&#8221;headpageidsp-overlay&#8221; css=&#8221;.vc_custom_1554277511781{padding-top: 20% !important;padding-bottom: 2% !important;}&#8221;][vc_column][vc_column_text css=&#8221;.vc_custom_1689183289028{margin-bottom: 20px !important;}&#8221;] Axelle BERTHOUMIEU [\/vc_column_text][vc_separator color=&#8221;white&#8221; align=&#8221;align_left&#8221; el_width=&#8221;10&#8243;][\/vc_column][\/vc_row][\/vc_section][vc_row gap=&#8221;30&#8243; css=&#8221;.vc_custom_1555234797290{padding-top: 5% !important;}&#8221;][vc_column width=&#8221;1\/3&#8243;][vc_column_text] IDEC SPORT partner of rugby player Axelle BERTHOUMIEU [\/vc_column_text][\/vc_column][vc_column width=&#8221;2\/3&#8243;][vc_column_text] IDEC SPORT is proud to be represented by Axelle BERTHOUMIEU, a rugby player. Axelle Berthoumieu, born on &hellip;<\/p>\n","protected":false},"author":1,"featured_media":0,"parent":0,"menu_order":0,"comment_status":"closed","ping_status":"closed","template":"","meta":{"footnotes":""},"class_list":["post-4786319","page","type-page","status-publish","hentry"],"yoast_head":"<!-- This site is optimized with the Yoast SEO plugin v27.1.1 - https:\/\/yoast.com\/product\/yoast-seo-wordpress\/ -->\n<title>Axelle BERTHOUMIEU - IDEC SPORT<\/title>\n<meta name=\"robots\" content=\"index, follow, max-snippet:-1, max-image-preview:large, max-video-preview:-1\" \/>\n<link rel=\"canonical\" href=\"https:\/\/www.idecsport.com\/en\/axelle-berthoumieu-en\/\" \/>\n<meta property=\"og:locale\" content=\"en_US\" \/>\n<meta property=\"og:type\" content=\"article\" \/>\n<meta property=\"og:title\" content=\"Axelle BERTHOUMIEU - IDEC SPORT\" \/>\n<meta property=\"og:description\" content=\"[vc_section full_width=&#8221;stretch_row&#8221; content_placement=&#8221;bottom&#8221; parallax=&#8221;content-moving&#8221; parallax_image=&#8221;4786745&#8243; el_class=&#8221;headpageidsp&#8221;][vc_row full_width=&#8221;stretch_row&#8221; content_placement=&#8221;bottom&#8221; el_class=&#8221;headpageidsp-overlay&#8221; css=&#8221;.vc_custom_1554277511781{padding-top: 20% !important;padding-bottom: 2% !important;}&#8221;][vc_column][vc_column_text css=&#8221;.vc_custom_1689183289028{margin-bottom: 20px !important;}&#8221;] Axelle BERTHOUMIEU [\/vc_column_text][vc_separator color=&#8221;white&#8221; align=&#8221;align_left&#8221; el_width=&#8221;10&#8243;][\/vc_column][\/vc_row][\/vc_section][vc_row gap=&#8221;30&#8243; css=&#8221;.vc_custom_1555234797290{padding-top: 5% !important;}&#8221;][vc_column width=&#8221;1\/3&#8243;][vc_column_text] IDEC SPORT partner of rugby player Axelle BERTHOUMIEU [\/vc_column_text][\/vc_column][vc_column width=&#8221;2\/3&#8243;][vc_column_text] IDEC SPORT is proud to be represented by Axelle BERTHOUMIEU, a rugby player. Axelle Berthoumieu, born on &hellip;\" \/>\n<meta property=\"og:url\" content=\"https:\/\/www.idecsport.com\/en\/axelle-berthoumieu-en\/\" \/>\n<meta property=\"og:site_name\" content=\"IDEC SPORT\" \/>\n<meta property=\"article:publisher\" content=\"https:\/\/www.facebook.com\/IDECSPORT\/\" \/>\n<meta property=\"article:modified_time\" content=\"2023-07-13T12:27:25+00:00\" \/>\n<meta name=\"twitter:card\" content=\"summary_large_image\" \/>\n<meta name=\"twitter:site\" content=\"@IdecSport\" \/>\n<meta name=\"twitter:label1\" content=\"Est. reading time\" \/>\n\t<meta name=\"twitter:data1\" content=\"1 minute\" \/>\n<script type=\"application\/ld+json\" class=\"yoast-schema-graph\">{\"@context\":\"https:\/\/schema.org\",\"@graph\":[{\"@type\":\"WebPage\",\"@id\":\"https:\/\/www.idecsport.com\/en\/axelle-berthoumieu-en\/\",\"url\":\"https:\/\/www.idecsport.com\/en\/axelle-berthoumieu-en\/\",\"name\":\"Axelle BERTHOUMIEU - IDEC SPORT\",\"isPartOf\":{\"@id\":\"https:\/\/www.idecsport.com\/en\/#website\"},\"datePublished\":\"2019-04-02T15:50:35+00:00\",\"dateModified\":\"2023-07-13T12:27:25+00:00\",\"breadcrumb\":{\"@id\":\"https:\/\/www.idecsport.com\/en\/axelle-berthoumieu-en\/#breadcrumb\"},\"inLanguage\":\"en-US\",\"potentialAction\":[{\"@type\":\"ReadAction\",\"target\":[\"https:\/\/www.idecsport.com\/en\/axelle-berthoumieu-en\/\"]}]},{\"@type\":\"BreadcrumbList\",\"@id\":\"https:\/\/www.idecsport.com\/en\/axelle-berthoumieu-en\/#breadcrumb\",\"itemListElement\":[{\"@type\":\"ListItem\",\"position\":1,\"name\":\"Accueil\",\"item\":\"https:\/\/www.idecsport.com\/en\/\"},{\"@type\":\"ListItem\",\"position\":2,\"name\":\"Axelle BERTHOUMIEU &#8211; En\"}]},{\"@type\":\"WebSite\",\"@id\":\"https:\/\/www.idecsport.com\/en\/#website\",\"url\":\"https:\/\/www.idecsport.com\/en\/\",\"name\":\"IDEC SPORT\",\"description\":\"Branche sportive du GROUPE IDEC, IDEC SPORT rassemble tous les partenariats sportifs sous une seule et m\u00eame banni\u00e8re. La voile avec Francis Joyon, le sport auto, le basket, le Football, le Rugby et l&#039;Handisport\",\"publisher\":{\"@id\":\"https:\/\/www.idecsport.com\/en\/#organization\"},\"potentialAction\":[{\"@type\":\"SearchAction\",\"target\":{\"@type\":\"EntryPoint\",\"urlTemplate\":\"https:\/\/www.idecsport.com\/en\/?s={search_term_string}\"},\"query-input\":{\"@type\":\"PropertyValueSpecification\",\"valueRequired\":true,\"valueName\":\"search_term_string\"}}],\"inLanguage\":\"en-US\"},{\"@type\":\"Organization\",\"@id\":\"https:\/\/www.idecsport.com\/en\/#organization\",\"name\":\"IDEC SPORT\",\"url\":\"https:\/\/www.idecsport.com\/en\/\",\"logo\":{\"@type\":\"ImageObject\",\"inLanguage\":\"en-US\",\"@id\":\"https:\/\/www.idecsport.com\/en\/#\/schema\/logo\/image\/\",\"url\":\"https:\/\/www.idecsport.com\/wp-content\/uploads\/2022\/02\/Logo-IDEC-SPORT_carre_512_02-2022.jpg\",\"contentUrl\":\"https:\/\/www.idecsport.com\/wp-content\/uploads\/2022\/02\/Logo-IDEC-SPORT_carre_512_02-2022.jpg\",\"width\":512,\"height\":512,\"caption\":\"IDEC SPORT\"},\"image\":{\"@id\":\"https:\/\/www.idecsport.com\/en\/#\/schema\/logo\/image\/\"},\"sameAs\":[\"https:\/\/www.facebook.com\/IDECSPORT\/\",\"https:\/\/x.com\/IdecSport\",\"https:\/\/www.linkedin.com\/company\/idecsport-racing\/\",\"https:\/\/www.youtube.com\/channel\/UCjGcu2H6w63f2_MirkRlRXw\"]}]}<\/script>\n<!-- \/ Yoast SEO plugin. -->","yoast_head_json":{"title":"Axelle BERTHOUMIEU - IDEC SPORT","robots":{"index":"index","follow":"follow","max-snippet":"max-snippet:-1","max-image-preview":"max-image-preview:large","max-video-preview":"max-video-preview:-1"},"canonical":"https:\/\/www.idecsport.com\/en\/axelle-berthoumieu-en\/","og_locale":"en_US","og_type":"article","og_title":"Axelle BERTHOUMIEU - IDEC SPORT","og_description":"[vc_section full_width=&#8221;stretch_row&#8221; content_placement=&#8221;bottom&#8221; parallax=&#8221;content-moving&#8221; parallax_image=&#8221;4786745&#8243; el_class=&#8221;headpageidsp&#8221;][vc_row full_width=&#8221;stretch_row&#8221; content_placement=&#8221;bottom&#8221; el_class=&#8221;headpageidsp-overlay&#8221; css=&#8221;.vc_custom_1554277511781{padding-top: 20% !important;padding-bottom: 2% !important;}&#8221;][vc_column][vc_column_text css=&#8221;.vc_custom_1689183289028{margin-bottom: 20px !important;}&#8221;] Axelle BERTHOUMIEU [\/vc_column_text][vc_separator color=&#8221;white&#8221; align=&#8221;align_left&#8221; el_width=&#8221;10&#8243;][\/vc_column][\/vc_row][\/vc_section][vc_row gap=&#8221;30&#8243; css=&#8221;.vc_custom_1555234797290{padding-top: 5% !important;}&#8221;][vc_column width=&#8221;1\/3&#8243;][vc_column_text] IDEC SPORT partner of rugby player Axelle BERTHOUMIEU [\/vc_column_text][\/vc_column][vc_column width=&#8221;2\/3&#8243;][vc_column_text] IDEC SPORT is proud to be represented by Axelle BERTHOUMIEU, a rugby player. Axelle Berthoumieu, born on &hellip;","og_url":"https:\/\/www.idecsport.com\/en\/axelle-berthoumieu-en\/","og_site_name":"IDEC SPORT","article_publisher":"https:\/\/www.facebook.com\/IDECSPORT\/","article_modified_time":"2023-07-13T12:27:25+00:00","twitter_card":"summary_large_image","twitter_site":"@IdecSport","twitter_misc":{"Est. reading time":"1 minute"},"schema":{"@context":"https:\/\/schema.org","@graph":[{"@type":"WebPage","@id":"https:\/\/www.idecsport.com\/en\/axelle-berthoumieu-en\/","url":"https:\/\/www.idecsport.com\/en\/axelle-berthoumieu-en\/","name":"Axelle BERTHOUMIEU - IDEC SPORT","isPartOf":{"@id":"https:\/\/www.idecsport.com\/en\/#website"},"datePublished":"2019-04-02T15:50:35+00:00","dateModified":"2023-07-13T12:27:25+00:00","breadcrumb":{"@id":"https:\/\/www.idecsport.com\/en\/axelle-berthoumieu-en\/#breadcrumb"},"inLanguage":"en-US","potentialAction":[{"@type":"ReadAction","target":["https:\/\/www.idecsport.com\/en\/axelle-berthoumieu-en\/"]}]},{"@type":"BreadcrumbList","@id":"https:\/\/www.idecsport.com\/en\/axelle-berthoumieu-en\/#breadcrumb","itemListElement":[{"@type":"ListItem","position":1,"name":"Accueil","item":"https:\/\/www.idecsport.com\/en\/"},{"@type":"ListItem","position":2,"name":"Axelle BERTHOUMIEU &#8211; En"}]},{"@type":"WebSite","@id":"https:\/\/www.idecsport.com\/en\/#website","url":"https:\/\/www.idecsport.com\/en\/","name":"IDEC SPORT","description":"Branche sportive du GROUPE IDEC, IDEC SPORT rassemble tous les partenariats sportifs sous une seule et m\u00eame banni\u00e8re. La voile avec Francis Joyon, le sport auto, le basket, le Football, le Rugby et l&#039;Handisport","publisher":{"@id":"https:\/\/www.idecsport.com\/en\/#organization"},"potentialAction":[{"@type":"SearchAction","target":{"@type":"EntryPoint","urlTemplate":"https:\/\/www.idecsport.com\/en\/?s={search_term_string}"},"query-input":{"@type":"PropertyValueSpecification","valueRequired":true,"valueName":"search_term_string"}}],"inLanguage":"en-US"},{"@type":"Organization","@id":"https:\/\/www.idecsport.com\/en\/#organization","name":"IDEC SPORT","url":"https:\/\/www.idecsport.com\/en\/","logo":{"@type":"ImageObject","inLanguage":"en-US","@id":"https:\/\/www.idecsport.com\/en\/#\/schema\/logo\/image\/","url":"https:\/\/www.idecsport.com\/wp-content\/uploads\/2022\/02\/Logo-IDEC-SPORT_carre_512_02-2022.jpg","contentUrl":"https:\/\/www.idecsport.com\/wp-content\/uploads\/2022\/02\/Logo-IDEC-SPORT_carre_512_02-2022.jpg","width":512,"height":512,"caption":"IDEC SPORT"},"image":{"@id":"https:\/\/www.idecsport.com\/en\/#\/schema\/logo\/image\/"},"sameAs":["https:\/\/www.facebook.com\/IDECSPORT\/","https:\/\/x.com\/IdecSport","https:\/\/www.linkedin.com\/company\/idecsport-racing\/","https:\/\/www.youtube.com\/channel\/UCjGcu2H6w63f2_MirkRlRXw"]}]}},"_links":{"self":[{"href":"https:\/\/www.idecsport.com\/en\/wp-json\/wp\/v2\/pages\/4786319","targetHints":{"allow":["GET"]}}],"collection":[{"href":"https:\/\/www.idecsport.com\/en\/wp-json\/wp\/v2\/pages"}],"about":[{"href":"https:\/\/www.idecsport.com\/en\/wp-json\/wp\/v2\/types\/page"}],"author":[{"embeddable":true,"href":"https:\/\/www.idecsport.com\/en\/wp-json\/wp\/v2\/users\/1"}],"replies":[{"embeddable":true,"href":"https:\/\/www.idecsport.com\/en\/wp-json\/wp\/v2\/comments?post=4786319"}],"version-history":[{"count":4,"href":"https:\/\/www.idecsport.com\/en\/wp-json\/wp\/v2\/pages\/4786319\/revisions"}],"predecessor-version":[{"id":4792779,"href":"https:\/\/www.idecsport.com\/en\/wp-json\/wp\/v2\/pages\/4786319\/revisions\/4792779"}],"wp:attachment":[{"href":"https:\/\/www.idecsport.com\/en\/wp-json\/wp\/v2\/media?parent=4786319"}],"curies":[{"name":"wp","href":"https:\/\/api.w.org\/{rel}","templated":true}]}}