{"id":4627951,"date":"2019-04-02T17:50:35","date_gmt":"2019-04-02T15:50:35","guid":{"rendered":"https:\/\/www.idecsport.com\/the-famous-project-a-la-conquete-du-trophee-jules-verne\/"},"modified":"2025-11-28T09:47:40","modified_gmt":"2025-11-28T08:47:40","slug":"the-famous-project-a-la-conquete-du-trophee-jules-verne","status":"publish","type":"page","link":"https:\/\/www.idecsport.com\/en\/the-famous-project-a-la-conquete-du-trophee-jules-verne\/","title":{"rendered":"The Famous Project, \u00e0 la conqu\u00eate du troph\u00e9e Jules Verne"},"content":{"rendered":"<div class=\"wpb-content-wrapper\">[vc_section full_width=&#8221;stretch_row&#8221; content_placement=&#8221;bottom&#8221; parallax=&#8221;content-moving&#8221; parallax_image=&#8221;13946885&#8243; el_class=&#8221;headpageidsp&#8221;][vc_row full_width=&#8221;stretch_row&#8221; content_placement=&#8221;bottom&#8221; el_class=&#8221;headpageidsp-overlay&#8221; css=&#8221;.vc_custom_1554277511781{padding-top: 20% !important;padding-bottom: 2% !important;}&#8221;][vc_column][vc_column_text css=&#8221;.vc_custom_1686844627552{margin-bottom: 20px !important;}&#8221;]\n<h1>The Famous Project<\/h1>\n[\/vc_column_text][vc_separator color=&#8221;white&#8221; align=&#8221;align_left&#8221; el_width=&#8221;10&#8243;][\/vc_column][\/vc_row][\/vc_section][vc_row gap=&#8221;30&#8243; css=&#8221;.vc_custom_1555242522273{padding-top: 5% !important;}&#8221;][vc_column width=&#8221;1\/3&#8243;][vc_column_text]\n<h2>Conquering the Jules Verne Trophy, an all-female competition!<\/h2>\n[\/vc_column_text]<div style=\"visibility: hidden;\" id=\"carousel-anything-1\" class=\"gambit-carousel-anything carousel-anything-container owl-ca-carousel  ca-equal-height\" data-slide-anim=\"\" data-rtl=\"false\" data-items=\"1\"data-totalitems=\"4\" data-scroll_per_page=\"\" data-autoplay=\"5000\"data-items-tablet=\"1\" data-items-mobile=\"1\" data-stop-on-hover=\"true\" data-speed-scroll=\"800\" data-speed-rewind=\"1000\"data-thumbnails=\"thumbnail\" data-navigation=\"true\" data-touchdrag=\"false\" data-keyboard=\"cursor\" data-alignment=\"50\"data-start=\"0\">[vc_row_inner][vc_column_inner css=&#8221;.vc_custom_1555160656685{padding-right: 0px !important;padding-left: 0px !important;}&#8221;][vc_single_image image=&#8221;4624079&#8243; img_size=&#8221;full&#8221; alignment=&#8221;center&#8221;][\/vc_column_inner][\/vc_row_inner][vc_row_inner][vc_column_inner css=&#8221;.vc_custom_1555160635703{padding-right: 0px !important;padding-left: 0px !important;}&#8221;][vc_single_image image=&#8221;4624083&#8243; img_size=&#8221;full&#8221; alignment=&#8221;center&#8221;][\/vc_column_inner][\/vc_row_inner][vc_row_inner][vc_column_inner css=&#8221;.vc_custom_1555160665508{padding-right: 0px !important;padding-left: 0px !important;}&#8221;][vc_single_image image=&#8221;4624087&#8243; img_size=&#8221;full&#8221; alignment=&#8221;center&#8221;][\/vc_column_inner][\/vc_row_inner][vc_row_inner][vc_column_inner css=&#8221;.vc_custom_1555160674895{padding-right: 0px !important;padding-left: 0px !important;}&#8221;][vc_single_image image=&#8221;4624091&#8243; img_size=&#8221;full&#8221; alignment=&#8221;center&#8221;][\/vc_column_inner][\/vc_row_inner]<\/div>[vc_column_text]\n<p style=\"text-align: center;\"><em>Credit \u00a9 Instagram &#8220;the_famousproject&#8221;<\/em><\/p>\n[\/vc_column_text][\/vc_column][vc_column width=&#8221;2\/3&#8243;][vc_column_text]\n<p style=\"text-align: justify;\"><strong>The Famous project is a sailing challenge to take place in 2025, initiated by Alexia Barrier, a great sailor, with an all-female crew.<\/strong><\/p>\n<p>Alexia and her team-mates will set off aboard the maxi-trimaran Idec Sport in a bid to win the Jules Verne Trophy.<br \/>\nAlongside Alexia, the 7 best female sailors in the world will be there to take up this challenge:<\/p>\n<ul>\n<li><strong>Dee Caffari<\/strong>, Alexia&#8217;s co-skipper and solo round the world record holder<\/li>\n<li><strong>Helena Darvelid<\/strong>, an expert in water speed records<\/li>\n<li><strong>Sara Hastreiter<\/strong>, the sailor with 7 summits<\/li>\n<li><strong>Elodie Jane Mettraux<\/strong>, multihull specialist<\/li>\n<li><strong>Joan Mulloy<\/strong>, from Figaro to Ocean Fifty<\/li>\n<li><strong>Marie Riou<\/strong>, winner of the Volvo Ocean Race<\/li>\n<li><strong>Marie Tabarly<\/strong>, skipper of Pen Duick VI<\/li>\n<\/ul>\n<p style=\"text-align: justify;\">Beyond the trophy itself, The Famous Project aims to inspire younger generations by basing its ambitions on shining a spotlight on women, protecting the oceans, educating the younger generation and challenging oneself.<\/p>\n[\/vc_column_text][\/vc_column][\/vc_row][vc_row full_width=&#8221;stretch_row_content&#8221; parallax=&#8221;content-moving&#8221; parallax_image=&#8221;13946893&#8243; css=&#8221;.vc_custom_1763396376086{margin-top: 2% !important;margin-bottom: 2% !important;}&#8221;][vc_column width=&#8221;1\/3&#8243; css=&#8221;.vc_custom_1555241748313{padding-top: 12% !important;padding-right: 10% !important;padding-bottom: 12% !important;padding-left: 10% !important;background-color: rgba(0,0,0,0.7) !important;*background-color: rgb(0,0,0) !important;}&#8221; el_class=&#8221;lwhite&#8221;][vc_column_text]\n<h3>A few figures<\/h3>\n<p><strong>This crew&#8217;s record is the most solid of all those who have already attempted this record:<\/strong><br \/>\n\/\/ 12 circumnavigations<br \/>\n\/\/ 54 Transatlantic crossings<br \/>\n\/\/ 3 Transpacifics<br \/>\n\/\/ 28 World Records<br \/>\n\/\/ 16 Championship titles<\/p>\n<p><strong>The Jules Verne Trophy is :<\/strong><br \/>\n\/\/ 25 years of history<br \/>\n\/\/ 9 victories in 19 attempts<br \/>\n\/\/ 21,760 nautical miles<br \/>\n\/\/ 1 record held by Francis Joyon on Idec Sport in 40 days 23 hours, 30 minutes and 30 seconds since 2017<br \/>\n[\/vc_column_text][\/vc_column][vc_column width=&#8221;2\/3&#8243; css=&#8221;.vc_custom_1556730898176{padding-top: 0px !important;padding-right: 0px !important;padding-bottom: 0px !important;padding-left: 0px !important;}&#8221;][\/vc_column][\/vc_row][vc_row gap=&#8221;30&#8243; css=&#8221;.vc_custom_1555242537471{padding-bottom: 30px !important;}&#8221;][vc_column width=&#8221;1\/3&#8243;][vc_single_image image=&#8221;13946877&#8243; img_size=&#8221;full&#8221; alignment=&#8221;center&#8221; css=&#8221;.vc_custom_1763396391173{margin-bottom: 0px !important;}&#8221;][\/vc_column][vc_column width=&#8221;2\/3&#8243;][vc_column_text]\n<h2>Alexia BARRIER<\/h2>\n<p style=\"text-align: justify;\">IDEC SPORT is sponsoring and will be accompanying Alexia BARRIER and her crew on this round-the-world race. Alexia has been an ocean racer since she was a teenager and has completed the Equator Route in 2007, the Maxi Transatlantic in 2011 and the Route du Rhum in 2018. She will be completing her first solo Vend\u00e9e Globe in 2020.<\/p>\n<p><strong>She is therefore the perfect captain for this new adventure.<\/strong><\/p>\n<p style=\"text-align: justify;\"><em>&#8220;Tackling the Jules Verne is a bit like walking on the moon&#8221;.<\/em><br \/>\n<em> Alexia BARRIER<\/em><\/p>\n[\/vc_column_text][\/vc_column][\/vc_row][vc_row full_width=&#8221;stretch_row_content_no_spaces&#8221; css=&#8221;.vc_custom_1764319383892{background-image: url(https:\/\/www.idecsport.com\/wp-content\/uploads\/2025\/11\/famous_project_1440x960c.jpg?id=14042661) !important;background-position: center !important;background-repeat: no-repeat !important;background-size: cover !important;}&#8221;][vc_column offset=&#8221;vc_hidden-sm vc_hidden-xs&#8221;][vc_empty_space height=&#8221;650px&#8221;][\/vc_column][\/vc_row][vc_row full_width=&#8221;stretch_row_content_no_spaces&#8221;][vc_column offset=&#8221;vc_hidden-lg vc_hidden-md&#8221;][vc_single_image image=&#8221;13946909&#8243; img_size=&#8221;full&#8221; css=&#8221;.vc_custom_1764319601574{margin-bottom: 0px !important;}&#8221;][\/vc_column][\/vc_row]\n<\/div>","protected":false},"excerpt":{"rendered":"<p>[vc_section full_width=&#8221;stretch_row&#8221; content_placement=&#8221;bottom&#8221; parallax=&#8221;content-moving&#8221; parallax_image=&#8221;13946885&#8243; el_class=&#8221;headpageidsp&#8221;][vc_row full_width=&#8221;stretch_row&#8221; content_placement=&#8221;bottom&#8221; el_class=&#8221;headpageidsp-overlay&#8221; css=&#8221;.vc_custom_1554277511781{padding-top: 20% !important;padding-bottom: 2% !important;}&#8221;][vc_column][vc_column_text css=&#8221;.vc_custom_1686844627552{margin-bottom: 20px !important;}&#8221;] The Famous Project [\/vc_column_text][vc_separator color=&#8221;white&#8221; align=&#8221;align_left&#8221; el_width=&#8221;10&#8243;][\/vc_column][\/vc_row][\/vc_section][vc_row gap=&#8221;30&#8243; css=&#8221;.vc_custom_1555242522273{padding-top: 5% !important;}&#8221;][vc_column width=&#8221;1\/3&#8243;][vc_column_text] Conquering the Jules Verne Trophy, an all-female competition! [\/vc_column_text][vc_column_text] Credit \u00a9 Instagram &#8220;the_famousproject&#8221; [\/vc_column_text][\/vc_column][vc_column width=&#8221;2\/3&#8243;][vc_column_text] The Famous project is a sailing challenge to take place in &hellip;<\/p>\n","protected":false},"author":1,"featured_media":0,"parent":0,"menu_order":0,"comment_status":"closed","ping_status":"closed","template":"","meta":{"footnotes":""},"class_list":["post-4627951","page","type-page","status-publish","hentry"],"yoast_head":"<!-- This site is optimized with the Yoast SEO plugin v27.1.1 - https:\/\/yoast.com\/product\/yoast-seo-wordpress\/ -->\n<title>The Famous Project, \u00e0 la conqu\u00eate du troph\u00e9e Jules Verne - IDEC SPORT<\/title>\n<meta name=\"description\" content=\"D\u00e9couvrez The Famous Project, d\u00e9fi sportif de voile qui aura lieu en 2025, initi\u00e9 par Alexia Barrier, avec un \u00e9quipage 100% f\u00e9minin\" \/>\n<meta name=\"robots\" content=\"index, follow, max-snippet:-1, max-image-preview:large, max-video-preview:-1\" \/>\n<link rel=\"canonical\" href=\"https:\/\/www.idecsport.com\/en\/the-famous-project-a-la-conquete-du-trophee-jules-verne\/\" \/>\n<meta property=\"og:locale\" content=\"en_US\" \/>\n<meta property=\"og:type\" content=\"article\" \/>\n<meta property=\"og:title\" content=\"The Famous Project, \u00e0 la conqu\u00eate du troph\u00e9e Jules Verne - IDEC SPORT\" \/>\n<meta property=\"og:description\" content=\"D\u00e9couvrez The Famous Project, d\u00e9fi sportif de voile qui aura lieu en 2025, initi\u00e9 par Alexia Barrier, avec un \u00e9quipage 100% f\u00e9minin\" \/>\n<meta property=\"og:url\" content=\"https:\/\/www.idecsport.com\/en\/the-famous-project-a-la-conquete-du-trophee-jules-verne\/\" \/>\n<meta property=\"og:site_name\" content=\"IDEC SPORT\" \/>\n<meta property=\"article:publisher\" content=\"https:\/\/www.facebook.com\/IDECSPORT\/\" \/>\n<meta property=\"article:modified_time\" content=\"2025-11-28T08:47:40+00:00\" \/>\n<meta name=\"twitter:card\" content=\"summary_large_image\" \/>\n<meta name=\"twitter:site\" content=\"@IdecSport\" \/>\n<meta name=\"twitter:label1\" content=\"Est. reading time\" \/>\n\t<meta name=\"twitter:data1\" content=\"4 minutes\" \/>\n<script type=\"application\/ld+json\" class=\"yoast-schema-graph\">{\"@context\":\"https:\/\/schema.org\",\"@graph\":[{\"@type\":\"WebPage\",\"@id\":\"https:\/\/www.idecsport.com\/en\/the-famous-project-a-la-conquete-du-trophee-jules-verne\/\",\"url\":\"https:\/\/www.idecsport.com\/en\/the-famous-project-a-la-conquete-du-trophee-jules-verne\/\",\"name\":\"The Famous Project, \u00e0 la conqu\u00eate du troph\u00e9e Jules Verne - IDEC SPORT\",\"isPartOf\":{\"@id\":\"https:\/\/www.idecsport.com\/en\/#website\"},\"datePublished\":\"2019-04-02T15:50:35+00:00\",\"dateModified\":\"2025-11-28T08:47:40+00:00\",\"description\":\"D\u00e9couvrez The Famous Project, d\u00e9fi sportif de voile qui aura lieu en 2025, initi\u00e9 par Alexia Barrier, avec un \u00e9quipage 100% f\u00e9minin\",\"breadcrumb\":{\"@id\":\"https:\/\/www.idecsport.com\/en\/the-famous-project-a-la-conquete-du-trophee-jules-verne\/#breadcrumb\"},\"inLanguage\":\"en-US\",\"potentialAction\":[{\"@type\":\"ReadAction\",\"target\":[\"https:\/\/www.idecsport.com\/en\/the-famous-project-a-la-conquete-du-trophee-jules-verne\/\"]}]},{\"@type\":\"BreadcrumbList\",\"@id\":\"https:\/\/www.idecsport.com\/en\/the-famous-project-a-la-conquete-du-trophee-jules-verne\/#breadcrumb\",\"itemListElement\":[{\"@type\":\"ListItem\",\"position\":1,\"name\":\"Accueil\",\"item\":\"https:\/\/www.idecsport.com\/en\/\"},{\"@type\":\"ListItem\",\"position\":2,\"name\":\"The Famous Project, \u00e0 la conqu\u00eate du troph\u00e9e Jules Verne\"}]},{\"@type\":\"WebSite\",\"@id\":\"https:\/\/www.idecsport.com\/en\/#website\",\"url\":\"https:\/\/www.idecsport.com\/en\/\",\"name\":\"IDEC SPORT\",\"description\":\"Branche sportive du GROUPE IDEC, IDEC SPORT rassemble tous les partenariats sportifs sous une seule et m\u00eame banni\u00e8re. La voile avec Francis Joyon, le sport auto, le basket, le Football, le Rugby et l&#039;Handisport\",\"publisher\":{\"@id\":\"https:\/\/www.idecsport.com\/en\/#organization\"},\"potentialAction\":[{\"@type\":\"SearchAction\",\"target\":{\"@type\":\"EntryPoint\",\"urlTemplate\":\"https:\/\/www.idecsport.com\/en\/?s={search_term_string}\"},\"query-input\":{\"@type\":\"PropertyValueSpecification\",\"valueRequired\":true,\"valueName\":\"search_term_string\"}}],\"inLanguage\":\"en-US\"},{\"@type\":\"Organization\",\"@id\":\"https:\/\/www.idecsport.com\/en\/#organization\",\"name\":\"IDEC SPORT\",\"url\":\"https:\/\/www.idecsport.com\/en\/\",\"logo\":{\"@type\":\"ImageObject\",\"inLanguage\":\"en-US\",\"@id\":\"https:\/\/www.idecsport.com\/en\/#\/schema\/logo\/image\/\",\"url\":\"https:\/\/www.idecsport.com\/wp-content\/uploads\/2022\/02\/Logo-IDEC-SPORT_carre_512_02-2022.jpg\",\"contentUrl\":\"https:\/\/www.idecsport.com\/wp-content\/uploads\/2022\/02\/Logo-IDEC-SPORT_carre_512_02-2022.jpg\",\"width\":512,\"height\":512,\"caption\":\"IDEC SPORT\"},\"image\":{\"@id\":\"https:\/\/www.idecsport.com\/en\/#\/schema\/logo\/image\/\"},\"sameAs\":[\"https:\/\/www.facebook.com\/IDECSPORT\/\",\"https:\/\/x.com\/IdecSport\",\"https:\/\/www.linkedin.com\/company\/idecsport-racing\/\",\"https:\/\/www.youtube.com\/channel\/UCjGcu2H6w63f2_MirkRlRXw\"]}]}<\/script>\n<!-- \/ Yoast SEO plugin. -->","yoast_head_json":{"title":"The Famous Project, \u00e0 la conqu\u00eate du troph\u00e9e Jules Verne - IDEC SPORT","description":"D\u00e9couvrez The Famous Project, d\u00e9fi sportif de voile qui aura lieu en 2025, initi\u00e9 par Alexia Barrier, avec un \u00e9quipage 100% f\u00e9minin","robots":{"index":"index","follow":"follow","max-snippet":"max-snippet:-1","max-image-preview":"max-image-preview:large","max-video-preview":"max-video-preview:-1"},"canonical":"https:\/\/www.idecsport.com\/en\/the-famous-project-a-la-conquete-du-trophee-jules-verne\/","og_locale":"en_US","og_type":"article","og_title":"The Famous Project, \u00e0 la conqu\u00eate du troph\u00e9e Jules Verne - IDEC SPORT","og_description":"D\u00e9couvrez The Famous Project, d\u00e9fi sportif de voile qui aura lieu en 2025, initi\u00e9 par Alexia Barrier, avec un \u00e9quipage 100% f\u00e9minin","og_url":"https:\/\/www.idecsport.com\/en\/the-famous-project-a-la-conquete-du-trophee-jules-verne\/","og_site_name":"IDEC SPORT","article_publisher":"https:\/\/www.facebook.com\/IDECSPORT\/","article_modified_time":"2025-11-28T08:47:40+00:00","twitter_card":"summary_large_image","twitter_site":"@IdecSport","twitter_misc":{"Est. reading time":"4 minutes"},"schema":{"@context":"https:\/\/schema.org","@graph":[{"@type":"WebPage","@id":"https:\/\/www.idecsport.com\/en\/the-famous-project-a-la-conquete-du-trophee-jules-verne\/","url":"https:\/\/www.idecsport.com\/en\/the-famous-project-a-la-conquete-du-trophee-jules-verne\/","name":"The Famous Project, \u00e0 la conqu\u00eate du troph\u00e9e Jules Verne - IDEC SPORT","isPartOf":{"@id":"https:\/\/www.idecsport.com\/en\/#website"},"datePublished":"2019-04-02T15:50:35+00:00","dateModified":"2025-11-28T08:47:40+00:00","description":"D\u00e9couvrez The Famous Project, d\u00e9fi sportif de voile qui aura lieu en 2025, initi\u00e9 par Alexia Barrier, avec un \u00e9quipage 100% f\u00e9minin","breadcrumb":{"@id":"https:\/\/www.idecsport.com\/en\/the-famous-project-a-la-conquete-du-trophee-jules-verne\/#breadcrumb"},"inLanguage":"en-US","potentialAction":[{"@type":"ReadAction","target":["https:\/\/www.idecsport.com\/en\/the-famous-project-a-la-conquete-du-trophee-jules-verne\/"]}]},{"@type":"BreadcrumbList","@id":"https:\/\/www.idecsport.com\/en\/the-famous-project-a-la-conquete-du-trophee-jules-verne\/#breadcrumb","itemListElement":[{"@type":"ListItem","position":1,"name":"Accueil","item":"https:\/\/www.idecsport.com\/en\/"},{"@type":"ListItem","position":2,"name":"The Famous Project, \u00e0 la conqu\u00eate du troph\u00e9e Jules Verne"}]},{"@type":"WebSite","@id":"https:\/\/www.idecsport.com\/en\/#website","url":"https:\/\/www.idecsport.com\/en\/","name":"IDEC SPORT","description":"Branche sportive du GROUPE IDEC, IDEC SPORT rassemble tous les partenariats sportifs sous une seule et m\u00eame banni\u00e8re. La voile avec Francis Joyon, le sport auto, le basket, le Football, le Rugby et l&#039;Handisport","publisher":{"@id":"https:\/\/www.idecsport.com\/en\/#organization"},"potentialAction":[{"@type":"SearchAction","target":{"@type":"EntryPoint","urlTemplate":"https:\/\/www.idecsport.com\/en\/?s={search_term_string}"},"query-input":{"@type":"PropertyValueSpecification","valueRequired":true,"valueName":"search_term_string"}}],"inLanguage":"en-US"},{"@type":"Organization","@id":"https:\/\/www.idecsport.com\/en\/#organization","name":"IDEC SPORT","url":"https:\/\/www.idecsport.com\/en\/","logo":{"@type":"ImageObject","inLanguage":"en-US","@id":"https:\/\/www.idecsport.com\/en\/#\/schema\/logo\/image\/","url":"https:\/\/www.idecsport.com\/wp-content\/uploads\/2022\/02\/Logo-IDEC-SPORT_carre_512_02-2022.jpg","contentUrl":"https:\/\/www.idecsport.com\/wp-content\/uploads\/2022\/02\/Logo-IDEC-SPORT_carre_512_02-2022.jpg","width":512,"height":512,"caption":"IDEC SPORT"},"image":{"@id":"https:\/\/www.idecsport.com\/en\/#\/schema\/logo\/image\/"},"sameAs":["https:\/\/www.facebook.com\/IDECSPORT\/","https:\/\/x.com\/IdecSport","https:\/\/www.linkedin.com\/company\/idecsport-racing\/","https:\/\/www.youtube.com\/channel\/UCjGcu2H6w63f2_MirkRlRXw"]}]}},"_links":{"self":[{"href":"https:\/\/www.idecsport.com\/en\/wp-json\/wp\/v2\/pages\/4627951","targetHints":{"allow":["GET"]}}],"collection":[{"href":"https:\/\/www.idecsport.com\/en\/wp-json\/wp\/v2\/pages"}],"about":[{"href":"https:\/\/www.idecsport.com\/en\/wp-json\/wp\/v2\/types\/page"}],"author":[{"embeddable":true,"href":"https:\/\/www.idecsport.com\/en\/wp-json\/wp\/v2\/users\/1"}],"replies":[{"embeddable":true,"href":"https:\/\/www.idecsport.com\/en\/wp-json\/wp\/v2\/comments?post=4627951"}],"version-history":[{"count":6,"href":"https:\/\/www.idecsport.com\/en\/wp-json\/wp\/v2\/pages\/4627951\/revisions"}],"predecessor-version":[{"id":14042755,"href":"https:\/\/www.idecsport.com\/en\/wp-json\/wp\/v2\/pages\/4627951\/revisions\/14042755"}],"wp:attachment":[{"href":"https:\/\/www.idecsport.com\/en\/wp-json\/wp\/v2\/media?parent=4627951"}],"curies":[{"name":"wp","href":"https:\/\/api.w.org\/{rel}","templated":true}]}}