{"id":1439051,"date":"2020-09-17T12:39:24","date_gmt":"2020-09-17T10:39:24","guid":{"rendered":"https:\/\/www.idecsport.com\/?page_id=1439051"},"modified":"2021-08-19T13:16:59","modified_gmt":"2021-08-19T11:16:59","slug":"idec-sport-17-24h-le-mans-live-stream","status":"publish","type":"page","link":"https:\/\/www.idecsport.com\/en\/idec-sport-17-24h-le-mans-live-stream\/","title":{"rendered":"IDEC SPORT #17 &#8211; 24H Le Mans live stream"},"content":{"rendered":"<div class=\"wpb-content-wrapper\">[vc_section full_width=&#8221;stretch_row&#8221; content_placement=&#8221;middle&#8221; parallax=&#8221;content-moving&#8221; parallax_image=&#8221;1440767&#8243; parallax_speed_bg=&#8221;1.2&#8243; el_class=&#8221;headpageidsp&#8221;][vc_row full_width=&#8221;stretch_row&#8221; content_placement=&#8221;bottom&#8221; el_class=&#8221;headpageidsp-overlay&#8221; css=&#8221;.vc_custom_1600334409311{padding-top: 20% !important;padding-bottom: 2% !important;}&#8221;][vc_column][vc_column_text css=&#8221;.vc_custom_1629356454237{margin-bottom: 20px !important;}&#8221;]\n<h1>On board #17!<\/h1>\n[\/vc_column_text][vc_separator color=&#8221;white&#8221; align=&#8221;align_left&#8221; el_width=&#8221;10&#8243;][\/vc_column][\/vc_row][\/vc_section][vc_row css=&#8221;.vc_custom_1629302667303{margin-top: 80px !important;margin-bottom: 80px !important;}&#8221; el_class=&#8221;modulejeu&#8221;][vc_column width=&#8221;2\/3&#8243; css=&#8221;.vc_custom_1600540375292{margin-bottom: 0px !important;}&#8221;][vc_column_text css=&#8221;.vc_custom_1629302646897{margin-top: 20px !important;margin-bottom: 30px !important;}&#8221;]\n<h2>LIVE STREAM IDEC SPORT #17 <span style=\"color: #808080;\">\/\/ 24H Le Mans 2021<\/span><\/h2>\n[\/vc_column_text][vc_raw_html]JTNDaWZyYW1lJTIwc3R5bGUlM0QlMjJ3aWR0aCUzQTEwMCUyNSUzQmhlaWdodCUzQTEwMCUyNSUzQnBvc2l0aW9uJTNBYWJzb2x1dGUlM0JsZWZ0JTNBMHB4JTNCdG9wJTNBMHB4JTNCb3ZlcmZsb3clM0FoaWRkZW4lMjIlMjBmcmFtZWJvcmRlciUzRCUyMjAlMjIlMjB0eXBlJTNEJTIydGV4dCUyRmh0bWwlMjIlMjBzcmMlM0QlMjJodHRwcyUzQSUyRiUyRnd3dy5kYWlseW1vdGlvbi5jb20lMkZlbWJlZCUyRnZpZGVvJTJGazYzYkE5ZENUVktWMUR4NkhMbCUzRmF1dG9wbGF5JTNEMSUyMiUyMHdpZHRoJTNEJTIyMTI4MCUyMiUyMGhlaWdodCUzRCUyMjcyMCUyMiUyMGFsbG93ZnVsbHNjcmVlbiUyMGFsbG93JTNEJTIyYXV0b3BsYXklMjIlM0UlMjAlM0MlMkZpZnJhbWUlM0U=[\/vc_raw_html][vc_row_inner equal_height=&#8221;yes&#8221; css=&#8221;.vc_custom_1629371516833{margin-top: 40px !important;}&#8221;][vc_column_inner width=&#8221;1\/3&#8243;][vc_column_text css=&#8221;.vc_custom_1629371814641{margin-bottom: 20px !important;padding-top: 20px !important;padding-right: 20px !important;padding-bottom: 20px !important;padding-left: 20px !important;background-color: #f4f4f4 !important;}&#8221;]\n<h3>Thursday August 19<\/h3>\n\n\t\t<div class=\"checklist tie-list-shortcode\">\n<ul>\n<li><strong>2 p.m. \/ 5 p.m.:<\/strong> FP3<\/li>\n<li><strong>10 p.m. \/ 12 p.m.:<\/strong> FP4<\/li>\n<\/ul>\n\n\t\t<\/div>\n\t[\/vc_column_text][\/vc_column_inner][vc_column_inner width=&#8221;1\/3&#8243;][vc_column_text css=&#8221;.vc_custom_1629371806760{margin-bottom: 20px !important;padding-top: 20px !important;padding-right: 20px !important;padding-bottom: 20px !important;padding-left: 20px !important;background-color: #f4f4f4 !important;border-radius: 10px !important;}&#8221;]\n<h3>Saturday August 21<\/h3>\n\n\t\t<div class=\"checklist tie-list-shortcode\">\n<ul>\n<li><strong>11 a.m. \/ 11.45 a.m.:<\/strong> Warm up<\/li>\n<li><strong>3:50 p.m.:<\/strong> Warm-up lap<\/li>\n<li><strong>4:00 p.m.:<\/strong> Start of the 24H Le Mans<\/li>\n<\/ul>\n\n\t\t<\/div>\n\t[\/vc_column_text][\/vc_column_inner][vc_column_inner width=&#8221;1\/3&#8243;][vc_column_text css=&#8221;.vc_custom_1629371798465{margin-bottom: 20px !important;padding-top: 20px !important;padding-right: 20px !important;padding-bottom: 20px !important;padding-left: 20px !important;background-color: #f4f4f4 !important;}&#8221;]\n<h3>Sunday August 22<\/h3>\n\n\t\t<div class=\"checklist tie-list-shortcode\">\n<ul>\n<li><strong>4:00 p.m.:<\/strong> Arrival of the 24H Le Mans<\/li>\n<\/ul>\n\n\t\t<\/div>\n\t[\/vc_column_text][\/vc_column_inner][\/vc_row_inner][\/vc_column][vc_column width=&#8221;1\/3&#8243;][vc_column_text css=&#8221;.vc_custom_1629361998825{margin-top: 20px !important;margin-bottom: 30px !important;}&#8221;]\n<h2><em><a href=\"https:\/\/www.idecsport.com\/en\/idec-sport-live-24h-le-mans\/\">&gt; LIVE STREAM IDEC SPORT #48<\/a><\/em><\/h2>\n[\/vc_column_text][vc_single_image image=&#8221;1441107&#8243; img_size=&#8221;full&#8221; onclick=&#8221;custom_link&#8221; link=&#8221;https:\/\/www.idecsport.com\/en\/idec-sport-live-24h-le-mans\/&#8221;][\/vc_column][\/vc_row][vc_row gap=&#8221;35&#8243; disable_element=&#8221;yes&#8221; css=&#8221;.vc_custom_1600418370500{padding-right: 20px !important;padding-left: 20px !important;}&#8221;][vc_column width=&#8221;1\/3&#8243; css=&#8221;.vc_custom_1600344588650{padding-top: 20px !important;padding-right: 20px !important;padding-bottom: 20px !important;padding-left: 20px !important;background-color: #f4f4f4 !important;border-radius: 10px !important;}&#8221;][vc_raw_html css=&#8221;.vc_custom_1600420143046{margin-top: 10px !important;margin-bottom: 0px !important;}&#8221;]JTNDcCUzRSUzQ3NwYW4lMjBjbGFzcyUzRCUyMnZjX2ljb25fZWxlbWVudC1pY29uJTIwdmMtbWF0ZXJpYWwlMjB2Yy1tYXRlcmlhbC1hcnJvd19mb3J3YXJkJTIyJTNFJTNDJTJGc3BhbiUzRSUyMCUzQ2VtJTNFJTNDc3Ryb25nJTNFQ09OU0VJTCUyMCUzQSUzQyUyRnN0cm9uZyUzRSUyMENsaXF1ZXolMjBzdXIlMjBsJUUyJTgwJTk5aWNvbmUlMjBzaXR1JUMzJUE5JTIwZW4lMjBiYXMlMjAlQzMlQTAlMjBkcm9pdGUlMjBkZSUyMGxhJTIwdmlkJUMzJUE5byUyMHBvdXIlMjBiYXNjdWxlciUyMGVuJTIwbW9kZSUyMHBsZWluJTIwJUMzJUE5Y3Jhbi4lM0MlMkZlbSUzRSUzQyUyRnAlM0U=[\/vc_raw_html][vc_icon type=&#8221;material&#8221; icon_material=&#8221;vc-material vc-material-arrow_forward&#8221; color=&#8221;custom&#8221; custom_color=&#8221;#ffffff&#8221; el_class=&#8221;dnone&#8221;][vc_raw_js]JTNDaWZyYW1lJTIwd2lkdGglM0QlMjIxOTIwJTIyJTIwaGVpZ2h0JTNEJTIyMTA4MCUyMiUyMHNyYyUzRCUyMmh0dHBzJTNBJTJGJTJGd3d3LnlvdXR1YmUuY29tJTJGZW1iZWQlMkZoOWQ1QjhkOUJxcyUyMiUyMGZyYW1lYm9yZGVyJTNEJTIyMCUyMiUyMGFsbG93JTNEJTIyYWNjZWxlcm9tZXRlciUzQiUyMGF1dG9wbGF5JTNCJTIwY2xpcGJvYXJkLXdyaXRlJTNCJTIwZW5jcnlwdGVkLW1lZGlhJTNCJTIwZ3lyb3Njb3BlJTNCJTIwcGljdHVyZS1pbi1waWN0dXJlJTIyJTIwYWxsb3dmdWxsc2NyZWVuJTNFJTNDJTJGaWZyYW1lJTNF[\/vc_raw_js][vc_column_text css=&#8221;.vc_custom_1600419880317{margin-top: 10px !important;}&#8221;]\n<p><em><strong>CONSEIL :<\/strong> Cliquez sur l&#8217;icone situ\u00e9 en bas \u00e0 droite de la vid\u00e9o pour basculer en mode plein \u00e9cran.<\/em><\/p>\n[\/vc_column_text][vc_column_text css=&#8221;.vc_custom_1600337564092{margin-bottom: 0px !important;}&#8221;]\n<h3>Jeudi 17 septembre 2020<\/h3>\n\n\t\t<div class=\"checklist tie-list-shortcode\">\n<ul>\n<li><strong>08H30 \/ 09H30 :<\/strong> Essais libres &#8211; Road To Le Mans<\/li>\n<li><strong>10H00 \/ 13H00 :<\/strong> Essais libres 1<\/li>\n<li><strong>14H00 \/ 17H00 :<\/strong> Essais Libres 2<\/li>\n<li><strong>17H15 \/ 18H00 :<\/strong> Essais qualificatifs<\/li>\n<li><strong>18H30 \/ 19H30 :<\/strong> Essais libres 2 &#8211; Road To Le Mans<\/li>\n<li><strong>20H00 &#8211; minuit :<\/strong> Essais libres 3<\/li>\n<\/ul>\n\n\t\t<\/div>\n\t[\/vc_column_text][\/vc_column][vc_column width=&#8221;1\/3&#8243; css=&#8221;.vc_custom_1600344596277{padding-top: 20px !important;padding-right: 20px !important;padding-bottom: 20px !important;padding-left: 20px !important;background-color: #f4f4f4 !important;border-radius: 10px !important;}&#8221;][vc_column_text css=&#8221;.vc_custom_1600418459476{margin-bottom: 20px !important;padding-top: 20px !important;padding-right: 20px !important;padding-bottom: 20px !important;padding-left: 20px !important;background-color: #f4f4f4 !important;border-radius: 10px !important;}&#8221;]\n<h3>Vendredi 18 septembre 2020<\/h3>\n\n\t\t<div class=\"checklist tie-list-shortcode\">\n<ul>\n<li><strong>08H30 &#8211; 08H50 :<\/strong> Essais qualificatifs 1 &#8211; Road To Le Mans<\/li>\n<li><strong>09H10 &#8211; 09H30 :<\/strong> Essais qualificatifs 2 : Road To Le Mans<\/li>\n<li><strong>10H00 &#8211; 11H00 :<\/strong> Essais libres 4<\/li>\n<li><strong>11H30 &#8211; 12H00 :<\/strong> 24 Heures du Mans &#8211; Hyperpole<\/li>\n<li><strong>14H15 &#8211; 15H10 :<\/strong> Road To Le Mans \/ Course 1<\/li>\n<\/ul>\n\n\t\t<\/div>\n\t\n[\/vc_column_text][vc_raw_js]JTNDaWZyYW1lJTIwc3JjJTNEJTIyaHR0cHMlM0ElMkYlMkZ3d3cuZmFjZWJvb2suY29tJTJGcGx1Z2lucyUyRnZpZGVvLnBocCUzRmhyZWYlM0RodHRwcyUyNTNBJTI1MkYlMjUyRnd3dy5mYWNlYm9vay5jb20lMjUyRmlkZWNzcG9ydHJhY2luZyUyNTJGdmlkZW9zJTI1MkYyOTIxODkyOTk0NTgyMzcwJTI1MkYlMjZzaG93X3RleHQlM0QwJTI2d2lkdGglM0Q1NjAlMjIlMjB3aWR0aCUzRCUyMjE5MjAlMjIlMjBoZWlnaHQlM0QlMjI1NjAlMjIlMjBzdHlsZSUzRCUyMmJvcmRlciUzQW5vbmUlM0JvdmVyZmxvdyUzQWhpZGRlbiUyMiUyMHNjcm9sbGluZyUzRCUyMm5vJTIyJTIwZnJhbWVib3JkZXIlM0QlMjIwJTIyJTIwYWxsb3dUcmFuc3BhcmVuY3klM0QlMjJ0cnVlJTIyJTIwYWxsb3dGdWxsU2NyZWVuJTNEJTIydHJ1ZSUyMiUzRSUzQyUyRmlmcmFtZSUzRQ==[\/vc_raw_js][\/vc_column][vc_column width=&#8221;1\/3&#8243; el_class=&#8221;lwhite&#8221; css=&#8221;.vc_custom_1600344600870{margin-bottom: 20px !important;padding-top: 20px !important;padding-right: 20px !important;padding-bottom: 20px !important;padding-left: 20px !important;background-image: url(https:\/\/www.idecsport.com\/wp-content\/uploads\/2019\/04\/Fond-Partenaires-IDEC-SPORT.jpg?id=3208) !important;border-radius: 10px !important;}&#8221;][vc_column_text]\n<h3>Samedi 19 et dimanche 20 septembre 2020<\/h3>\n\n\t\t<div class=\"checklist tie-list-shortcode\">\n<ul>\n<li><strong>10H30 &#8211; 10H45 :<\/strong> Warm Up<\/li>\n<li><strong>11H30 &#8211; 12H25 :<\/strong> Road To Le Mans \/ Course 2<\/li>\n<li><strong>14H30 :<\/strong> Top d\u00e9part des 24 Heures<\/li>\n<\/ul>\n\n\t\t<\/div>\n\t[\/vc_column_text][\/vc_column][\/vc_row]\n<\/div>","protected":false},"excerpt":{"rendered":"<p>[vc_section full_width=&#8221;stretch_row&#8221; content_placement=&#8221;middle&#8221; parallax=&#8221;content-moving&#8221; parallax_image=&#8221;1440767&#8243; parallax_speed_bg=&#8221;1.2&#8243; el_class=&#8221;headpageidsp&#8221;][vc_row full_width=&#8221;stretch_row&#8221; content_placement=&#8221;bottom&#8221; el_class=&#8221;headpageidsp-overlay&#8221; css=&#8221;.vc_custom_1600334409311{padding-top: 20% !important;padding-bottom: 2% !important;}&#8221;][vc_column][vc_column_text css=&#8221;.vc_custom_1629356454237{margin-bottom: 20px !important;}&#8221;] On board #17! [\/vc_column_text][vc_separator color=&#8221;white&#8221; align=&#8221;align_left&#8221; el_width=&#8221;10&#8243;][\/vc_column][\/vc_row][\/vc_section][vc_row css=&#8221;.vc_custom_1629302667303{margin-top: 80px !important;margin-bottom: 80px !important;}&#8221; el_class=&#8221;modulejeu&#8221;][vc_column width=&#8221;2\/3&#8243; css=&#8221;.vc_custom_1600540375292{margin-bottom: 0px !important;}&#8221;][vc_column_text css=&#8221;.vc_custom_1629302646897{margin-top: 20px !important;margin-bottom: 30px !important;}&#8221;] LIVE STREAM IDEC SPORT #17 \/\/ 24H Le Mans 2021 [\/vc_column_text][vc_raw_html]JTNDaWZyYW1lJTIwc3R5bGUlM0QlMjJ3aWR0aCUzQTEwMCUyNSUzQmhlaWdodCUzQTEwMCUyNSUzQnBvc2l0aW9uJTNBYWJzb2x1dGUlM0JsZWZ0JTNBMHB4JTNCdG9wJTNBMHB4JTNCb3ZlcmZsb3clM0FoaWRkZW4lMjIlMjBmcmFtZWJvcmRlciUzRCUyMjAlMjIlMjB0eXBlJTNEJTIydGV4dCUyRmh0bWwlMjIlMjBzcmMlM0QlMjJodHRwcyUzQSUyRiUyRnd3dy5kYWlseW1vdGlvbi5jb20lMkZlbWJlZCUyRnZpZGVvJTJGazYzYkE5ZENUVktWMUR4NkhMbCUzRmF1dG9wbGF5JTNEMSUyMiUyMHdpZHRoJTNEJTIyMTI4MCUyMiUyMGhlaWdodCUzRCUyMjcyMCUyMiUyMGFsbG93ZnVsbHNjcmVlbiUyMGFsbG93JTNEJTIyYXV0b3BsYXklMjIlM0UlMjAlM0MlMkZpZnJhbWUlM0U=[\/vc_raw_html][vc_row_inner equal_height=&#8221;yes&#8221; css=&#8221;.vc_custom_1629371516833{margin-top: 40px !important;}&#8221;][vc_column_inner &hellip;<\/p>\n","protected":false},"author":1,"featured_media":0,"parent":0,"menu_order":0,"comment_status":"closed","ping_status":"closed","template":"","meta":{"footnotes":""},"class_list":["post-1439051","page","type-page","status-publish","hentry"],"yoast_head":"<!-- This site is optimized with the Yoast SEO plugin v27.1.1 - https:\/\/yoast.com\/product\/yoast-seo-wordpress\/ -->\n<title>IDEC SPORT #17 - 24H Le Mans live stream - IDEC SPORT<\/title>\n<meta name=\"robots\" content=\"index, follow, max-snippet:-1, max-image-preview:large, max-video-preview:-1\" \/>\n<link rel=\"canonical\" href=\"https:\/\/www.idecsport.com\/en\/idec-sport-17-24h-le-mans-live-stream\/\" \/>\n<meta property=\"og:locale\" content=\"en_US\" \/>\n<meta property=\"og:type\" content=\"article\" \/>\n<meta property=\"og:title\" content=\"IDEC SPORT #17 - 24H Le Mans live stream - IDEC SPORT\" \/>\n<meta property=\"og:description\" content=\"[vc_section full_width=&#8221;stretch_row&#8221; content_placement=&#8221;middle&#8221; parallax=&#8221;content-moving&#8221; parallax_image=&#8221;1440767&#8243; parallax_speed_bg=&#8221;1.2&#8243; el_class=&#8221;headpageidsp&#8221;][vc_row full_width=&#8221;stretch_row&#8221; content_placement=&#8221;bottom&#8221; el_class=&#8221;headpageidsp-overlay&#8221; css=&#8221;.vc_custom_1600334409311{padding-top: 20% !important;padding-bottom: 2% !important;}&#8221;][vc_column][vc_column_text css=&#8221;.vc_custom_1629356454237{margin-bottom: 20px !important;}&#8221;] On board #17! [\/vc_column_text][vc_separator color=&#8221;white&#8221; align=&#8221;align_left&#8221; el_width=&#8221;10&#8243;][\/vc_column][\/vc_row][\/vc_section][vc_row css=&#8221;.vc_custom_1629302667303{margin-top: 80px !important;margin-bottom: 80px !important;}&#8221; el_class=&#8221;modulejeu&#8221;][vc_column width=&#8221;2\/3&#8243; css=&#8221;.vc_custom_1600540375292{margin-bottom: 0px !important;}&#8221;][vc_column_text css=&#8221;.vc_custom_1629302646897{margin-top: 20px !important;margin-bottom: 30px !important;}&#8221;] LIVE STREAM IDEC SPORT #17 \/\/ 24H Le Mans 2021 [\/vc_column_text][vc_raw_html]JTNDaWZyYW1lJTIwc3R5bGUlM0QlMjJ3aWR0aCUzQTEwMCUyNSUzQmhlaWdodCUzQTEwMCUyNSUzQnBvc2l0aW9uJTNBYWJzb2x1dGUlM0JsZWZ0JTNBMHB4JTNCdG9wJTNBMHB4JTNCb3ZlcmZsb3clM0FoaWRkZW4lMjIlMjBmcmFtZWJvcmRlciUzRCUyMjAlMjIlMjB0eXBlJTNEJTIydGV4dCUyRmh0bWwlMjIlMjBzcmMlM0QlMjJodHRwcyUzQSUyRiUyRnd3dy5kYWlseW1vdGlvbi5jb20lMkZlbWJlZCUyRnZpZGVvJTJGazYzYkE5ZENUVktWMUR4NkhMbCUzRmF1dG9wbGF5JTNEMSUyMiUyMHdpZHRoJTNEJTIyMTI4MCUyMiUyMGhlaWdodCUzRCUyMjcyMCUyMiUyMGFsbG93ZnVsbHNjcmVlbiUyMGFsbG93JTNEJTIyYXV0b3BsYXklMjIlM0UlMjAlM0MlMkZpZnJhbWUlM0U=[\/vc_raw_html][vc_row_inner equal_height=&#8221;yes&#8221; css=&#8221;.vc_custom_1629371516833{margin-top: 40px !important;}&#8221;][vc_column_inner &hellip;\" \/>\n<meta property=\"og:url\" content=\"https:\/\/www.idecsport.com\/en\/idec-sport-17-24h-le-mans-live-stream\/\" \/>\n<meta property=\"og:site_name\" content=\"IDEC SPORT\" \/>\n<meta property=\"article:publisher\" content=\"https:\/\/www.facebook.com\/IDECSPORT\/\" \/>\n<meta property=\"article:modified_time\" content=\"2021-08-19T11:16:59+00:00\" \/>\n<meta name=\"twitter:card\" content=\"summary_large_image\" \/>\n<meta name=\"twitter:site\" content=\"@IdecSport\" \/>\n<meta name=\"twitter:label1\" content=\"Est. reading time\" \/>\n\t<meta name=\"twitter:data1\" content=\"2 minutes\" \/>\n<script type=\"application\/ld+json\" class=\"yoast-schema-graph\">{\"@context\":\"https:\/\/schema.org\",\"@graph\":[{\"@type\":\"WebPage\",\"@id\":\"https:\/\/www.idecsport.com\/en\/idec-sport-17-24h-le-mans-live-stream\/\",\"url\":\"https:\/\/www.idecsport.com\/en\/idec-sport-17-24h-le-mans-live-stream\/\",\"name\":\"IDEC SPORT #17 - 24H Le Mans live stream - IDEC SPORT\",\"isPartOf\":{\"@id\":\"https:\/\/www.idecsport.com\/en\/#website\"},\"datePublished\":\"2020-09-17T10:39:24+00:00\",\"dateModified\":\"2021-08-19T11:16:59+00:00\",\"breadcrumb\":{\"@id\":\"https:\/\/www.idecsport.com\/en\/idec-sport-17-24h-le-mans-live-stream\/#breadcrumb\"},\"inLanguage\":\"en-US\",\"potentialAction\":[{\"@type\":\"ReadAction\",\"target\":[\"https:\/\/www.idecsport.com\/en\/idec-sport-17-24h-le-mans-live-stream\/\"]}]},{\"@type\":\"BreadcrumbList\",\"@id\":\"https:\/\/www.idecsport.com\/en\/idec-sport-17-24h-le-mans-live-stream\/#breadcrumb\",\"itemListElement\":[{\"@type\":\"ListItem\",\"position\":1,\"name\":\"Accueil\",\"item\":\"https:\/\/www.idecsport.com\/en\/\"},{\"@type\":\"ListItem\",\"position\":2,\"name\":\"IDEC SPORT #17 &#8211; 24H Le Mans live stream\"}]},{\"@type\":\"WebSite\",\"@id\":\"https:\/\/www.idecsport.com\/en\/#website\",\"url\":\"https:\/\/www.idecsport.com\/en\/\",\"name\":\"IDEC SPORT\",\"description\":\"Branche sportive du GROUPE IDEC, IDEC SPORT rassemble tous les partenariats sportifs sous une seule et m\u00eame banni\u00e8re. La voile avec Francis Joyon, le sport auto, le basket, le Football, le Rugby et l&#039;Handisport\",\"publisher\":{\"@id\":\"https:\/\/www.idecsport.com\/en\/#organization\"},\"potentialAction\":[{\"@type\":\"SearchAction\",\"target\":{\"@type\":\"EntryPoint\",\"urlTemplate\":\"https:\/\/www.idecsport.com\/en\/?s={search_term_string}\"},\"query-input\":{\"@type\":\"PropertyValueSpecification\",\"valueRequired\":true,\"valueName\":\"search_term_string\"}}],\"inLanguage\":\"en-US\"},{\"@type\":\"Organization\",\"@id\":\"https:\/\/www.idecsport.com\/en\/#organization\",\"name\":\"IDEC SPORT\",\"url\":\"https:\/\/www.idecsport.com\/en\/\",\"logo\":{\"@type\":\"ImageObject\",\"inLanguage\":\"en-US\",\"@id\":\"https:\/\/www.idecsport.com\/en\/#\/schema\/logo\/image\/\",\"url\":\"https:\/\/www.idecsport.com\/wp-content\/uploads\/2022\/02\/Logo-IDEC-SPORT_carre_512_02-2022.jpg\",\"contentUrl\":\"https:\/\/www.idecsport.com\/wp-content\/uploads\/2022\/02\/Logo-IDEC-SPORT_carre_512_02-2022.jpg\",\"width\":512,\"height\":512,\"caption\":\"IDEC SPORT\"},\"image\":{\"@id\":\"https:\/\/www.idecsport.com\/en\/#\/schema\/logo\/image\/\"},\"sameAs\":[\"https:\/\/www.facebook.com\/IDECSPORT\/\",\"https:\/\/x.com\/IdecSport\",\"https:\/\/www.linkedin.com\/company\/idecsport-racing\/\",\"https:\/\/www.youtube.com\/channel\/UCjGcu2H6w63f2_MirkRlRXw\"]}]}<\/script>\n<!-- \/ Yoast SEO plugin. -->","yoast_head_json":{"title":"IDEC SPORT #17 - 24H Le Mans live stream - IDEC SPORT","robots":{"index":"index","follow":"follow","max-snippet":"max-snippet:-1","max-image-preview":"max-image-preview:large","max-video-preview":"max-video-preview:-1"},"canonical":"https:\/\/www.idecsport.com\/en\/idec-sport-17-24h-le-mans-live-stream\/","og_locale":"en_US","og_type":"article","og_title":"IDEC SPORT #17 - 24H Le Mans live stream - IDEC SPORT","og_description":"[vc_section full_width=&#8221;stretch_row&#8221; content_placement=&#8221;middle&#8221; parallax=&#8221;content-moving&#8221; parallax_image=&#8221;1440767&#8243; parallax_speed_bg=&#8221;1.2&#8243; el_class=&#8221;headpageidsp&#8221;][vc_row full_width=&#8221;stretch_row&#8221; content_placement=&#8221;bottom&#8221; el_class=&#8221;headpageidsp-overlay&#8221; css=&#8221;.vc_custom_1600334409311{padding-top: 20% !important;padding-bottom: 2% !important;}&#8221;][vc_column][vc_column_text css=&#8221;.vc_custom_1629356454237{margin-bottom: 20px !important;}&#8221;] On board #17! [\/vc_column_text][vc_separator color=&#8221;white&#8221; align=&#8221;align_left&#8221; el_width=&#8221;10&#8243;][\/vc_column][\/vc_row][\/vc_section][vc_row css=&#8221;.vc_custom_1629302667303{margin-top: 80px !important;margin-bottom: 80px !important;}&#8221; el_class=&#8221;modulejeu&#8221;][vc_column width=&#8221;2\/3&#8243; css=&#8221;.vc_custom_1600540375292{margin-bottom: 0px !important;}&#8221;][vc_column_text css=&#8221;.vc_custom_1629302646897{margin-top: 20px !important;margin-bottom: 30px !important;}&#8221;] LIVE STREAM IDEC SPORT #17 \/\/ 24H Le Mans 2021 [\/vc_column_text][vc_raw_html]JTNDaWZyYW1lJTIwc3R5bGUlM0QlMjJ3aWR0aCUzQTEwMCUyNSUzQmhlaWdodCUzQTEwMCUyNSUzQnBvc2l0aW9uJTNBYWJzb2x1dGUlM0JsZWZ0JTNBMHB4JTNCdG9wJTNBMHB4JTNCb3ZlcmZsb3clM0FoaWRkZW4lMjIlMjBmcmFtZWJvcmRlciUzRCUyMjAlMjIlMjB0eXBlJTNEJTIydGV4dCUyRmh0bWwlMjIlMjBzcmMlM0QlMjJodHRwcyUzQSUyRiUyRnd3dy5kYWlseW1vdGlvbi5jb20lMkZlbWJlZCUyRnZpZGVvJTJGazYzYkE5ZENUVktWMUR4NkhMbCUzRmF1dG9wbGF5JTNEMSUyMiUyMHdpZHRoJTNEJTIyMTI4MCUyMiUyMGhlaWdodCUzRCUyMjcyMCUyMiUyMGFsbG93ZnVsbHNjcmVlbiUyMGFsbG93JTNEJTIyYXV0b3BsYXklMjIlM0UlMjAlM0MlMkZpZnJhbWUlM0U=[\/vc_raw_html][vc_row_inner equal_height=&#8221;yes&#8221; css=&#8221;.vc_custom_1629371516833{margin-top: 40px !important;}&#8221;][vc_column_inner &hellip;","og_url":"https:\/\/www.idecsport.com\/en\/idec-sport-17-24h-le-mans-live-stream\/","og_site_name":"IDEC SPORT","article_publisher":"https:\/\/www.facebook.com\/IDECSPORT\/","article_modified_time":"2021-08-19T11:16:59+00:00","twitter_card":"summary_large_image","twitter_site":"@IdecSport","twitter_misc":{"Est. reading time":"2 minutes"},"schema":{"@context":"https:\/\/schema.org","@graph":[{"@type":"WebPage","@id":"https:\/\/www.idecsport.com\/en\/idec-sport-17-24h-le-mans-live-stream\/","url":"https:\/\/www.idecsport.com\/en\/idec-sport-17-24h-le-mans-live-stream\/","name":"IDEC SPORT #17 - 24H Le Mans live stream - IDEC SPORT","isPartOf":{"@id":"https:\/\/www.idecsport.com\/en\/#website"},"datePublished":"2020-09-17T10:39:24+00:00","dateModified":"2021-08-19T11:16:59+00:00","breadcrumb":{"@id":"https:\/\/www.idecsport.com\/en\/idec-sport-17-24h-le-mans-live-stream\/#breadcrumb"},"inLanguage":"en-US","potentialAction":[{"@type":"ReadAction","target":["https:\/\/www.idecsport.com\/en\/idec-sport-17-24h-le-mans-live-stream\/"]}]},{"@type":"BreadcrumbList","@id":"https:\/\/www.idecsport.com\/en\/idec-sport-17-24h-le-mans-live-stream\/#breadcrumb","itemListElement":[{"@type":"ListItem","position":1,"name":"Accueil","item":"https:\/\/www.idecsport.com\/en\/"},{"@type":"ListItem","position":2,"name":"IDEC SPORT #17 &#8211; 24H Le Mans live stream"}]},{"@type":"WebSite","@id":"https:\/\/www.idecsport.com\/en\/#website","url":"https:\/\/www.idecsport.com\/en\/","name":"IDEC SPORT","description":"Branche sportive du GROUPE IDEC, IDEC SPORT rassemble tous les partenariats sportifs sous une seule et m\u00eame banni\u00e8re. La voile avec Francis Joyon, le sport auto, le basket, le Football, le Rugby et l&#039;Handisport","publisher":{"@id":"https:\/\/www.idecsport.com\/en\/#organization"},"potentialAction":[{"@type":"SearchAction","target":{"@type":"EntryPoint","urlTemplate":"https:\/\/www.idecsport.com\/en\/?s={search_term_string}"},"query-input":{"@type":"PropertyValueSpecification","valueRequired":true,"valueName":"search_term_string"}}],"inLanguage":"en-US"},{"@type":"Organization","@id":"https:\/\/www.idecsport.com\/en\/#organization","name":"IDEC SPORT","url":"https:\/\/www.idecsport.com\/en\/","logo":{"@type":"ImageObject","inLanguage":"en-US","@id":"https:\/\/www.idecsport.com\/en\/#\/schema\/logo\/image\/","url":"https:\/\/www.idecsport.com\/wp-content\/uploads\/2022\/02\/Logo-IDEC-SPORT_carre_512_02-2022.jpg","contentUrl":"https:\/\/www.idecsport.com\/wp-content\/uploads\/2022\/02\/Logo-IDEC-SPORT_carre_512_02-2022.jpg","width":512,"height":512,"caption":"IDEC SPORT"},"image":{"@id":"https:\/\/www.idecsport.com\/en\/#\/schema\/logo\/image\/"},"sameAs":["https:\/\/www.facebook.com\/IDECSPORT\/","https:\/\/x.com\/IdecSport","https:\/\/www.linkedin.com\/company\/idecsport-racing\/","https:\/\/www.youtube.com\/channel\/UCjGcu2H6w63f2_MirkRlRXw"]}]}},"_links":{"self":[{"href":"https:\/\/www.idecsport.com\/en\/wp-json\/wp\/v2\/pages\/1439051","targetHints":{"allow":["GET"]}}],"collection":[{"href":"https:\/\/www.idecsport.com\/en\/wp-json\/wp\/v2\/pages"}],"about":[{"href":"https:\/\/www.idecsport.com\/en\/wp-json\/wp\/v2\/types\/page"}],"author":[{"embeddable":true,"href":"https:\/\/www.idecsport.com\/en\/wp-json\/wp\/v2\/users\/1"}],"replies":[{"embeddable":true,"href":"https:\/\/www.idecsport.com\/en\/wp-json\/wp\/v2\/comments?post=1439051"}],"version-history":[{"count":8,"href":"https:\/\/www.idecsport.com\/en\/wp-json\/wp\/v2\/pages\/1439051\/revisions"}],"predecessor-version":[{"id":1442063,"href":"https:\/\/www.idecsport.com\/en\/wp-json\/wp\/v2\/pages\/1439051\/revisions\/1442063"}],"wp:attachment":[{"href":"https:\/\/www.idecsport.com\/en\/wp-json\/wp\/v2\/media?parent=1439051"}],"curies":[{"name":"wp","href":"https:\/\/api.w.org\/{rel}","templated":true}]}}